{"id":13,"date":"2024-01-18T14:46:48","date_gmt":"2024-01-18T11:46:48","guid":{"rendered":"https:\/\/ozerlerambalaj.com.tr\/?page_id=13"},"modified":"2026-03-13T15:22:42","modified_gmt":"2026-03-13T12:22:42","slug":"hakkimizda","status":"publish","type":"page","link":"https:\/\/ozerlerambalaj.com.tr\/index.php\/hakkimizda\/","title":{"rendered":"Hakk\u0131m\u0131zda"},"content":{"rendered":"<p>[et_pb_section fb_built=&#8221;1&#8243; fullwidth=&#8221;on&#8221; theme_builder_area=&#8221;post_content&#8221; _builder_version=&#8221;4.27.5&#8243; _module_preset=&#8221;default&#8221;][et_pb_fullwidth_image src=&#8221;https:\/\/ozerlerambalaj.com.tr\/wp-content\/uploads\/2026\/03\/Adsiz-tasarim-31-scaled.png&#8221; _builder_version=&#8221;4.27.5&#8243; _module_preset=&#8221;default&#8221; theme_builder_area=&#8221;post_content&#8221; alt=&#8221;hakk\u0131m\u0131zda&#8221; title_text=&#8221;Ads\u0131z tasar\u0131m (31)&#8221; hover_enabled=&#8221;0&#8243; sticky_enabled=&#8221;0&#8243;][\/et_pb_fullwidth_image][\/et_pb_section][et_pb_section fb_built=&#8221;1&#8243; _builder_version=&#8221;4.24.2&#8243; _module_preset=&#8221;default&#8221; global_colors_info=&#8221;{}&#8221;][et_pb_row column_structure=&#8221;1_3,2_3&#8243; _builder_version=&#8221;4.24.2&#8243; _module_preset=&#8221;default&#8221; global_colors_info=&#8221;{}&#8221;][et_pb_column type=&#8221;1_3&#8243; _builder_version=&#8221;4.24.2&#8243; _module_preset=&#8221;default&#8221; global_colors_info=&#8221;{}&#8221;][dipi_floating_multi_images _builder_version=&#8221;4.27.5&#8243; _module_preset=&#8221;default&#8221; hover_enabled=&#8221;0&#8243; global_colors_info=&#8221;{}&#8221; fmi_height=&#8221;598px&#8221; custom_margin=&#8221;100px||||false|false&#8221; sticky_enabled=&#8221;0&#8243;][dipi_floating_multi_images_child item_label=&#8221;\u00d6zerler Ambalaj&#8221; img_src=&#8221;https:\/\/ozerlerambalaj.com.tr\/wp-content\/uploads\/2024\/04\/ozerler-logo.png&#8221; img_alt=&#8221;\u00dcr\u00fcnlerinize De\u011fer Katar&#8221; _builder_version=&#8221;4.24.2&#8243; _module_preset=&#8221;default&#8221; global_colors_info=&#8221;{}&#8221;][\/dipi_floating_multi_images_child][\/dipi_floating_multi_images][\/et_pb_column][et_pb_column type=&#8221;2_3&#8243; _builder_version=&#8221;4.24.2&#8243; _module_preset=&#8221;default&#8221; global_colors_info=&#8221;{}&#8221;][dipi_dual_heading first_heading=&#8221;Hakk\u0131m\u0131zda&#8221; _builder_version=&#8221;4.24.2&#8243; _module_preset=&#8221;default&#8221; first_heading_font=&#8221;|700|||||||&#8221; first_heading_font_size=&#8221;20px&#8221; text_orientation=&#8221;left&#8221; width=&#8221;100%&#8221; global_colors_info=&#8221;{}&#8221;][\/dipi_dual_heading][et_pb_text _builder_version=&#8221;4.25.0&#8243; _module_preset=&#8221;default&#8221; text_line_height=&#8221;2.4em&#8221; global_colors_info=&#8221;{}&#8221;]<\/p>\n<p style=\"text-align: justify;\">1995 y\u0131l\u0131nda, kurucumuz Faruk \u00d6ZER taraf\u0131ndan geli\u015fmekte olan AMBALAJ SEKT\u00d6R\u00dcNDE yerini alm\u0131\u015ft\u0131r.Sayg\u0131n m\u00fc\u015fteri portf\u00f6y\u00fcm\u00fcz\u00fcn talepleri do\u011frultusunda, PVC, PET, PP kutu, termoform, takvim g\u00f6stergesi ve HAMMADDE \u015eATI\u015eI yapmaktad\u0131r.\u00d6zerler ambalaj, teknolojiyi takip ederek alt yap\u0131 yenilemeye, g\u00fcncel ambalaj format\u0131nda \u00fcretime ve \u00fcretim kapasitesini art\u0131rmaya \u00f6nem vermektedir.<\/p>\n<p style=\"text-align: justify;\">Bu do\u011frultuda makina parkuruna s\u00fcrekli yenilikler eklemeye devam etmektedir.\u00d6zerler ambalaj talep, ihtiya\u00e7, tavsiye ve \u00f6ng\u00f6r\u00fcler do\u011frultusunda \u00fcst\u00fcn kaliteli(1.s\u0131n\u0131f), antistatik(toz almayan), k\u0131r\u0131lmaya kar\u015f\u0131 dayan\u0131kl\u0131 hf frekans kesimli \u015feffaf plastik materyalden, bask\u0131l\u0131, bask\u0131s\u0131z, silindir, konik \u00f6zel tasar\u0131m tip kutu dizayn\u0131 ve \u00fcretimi yapmaktad\u0131r.\u00dcr\u00fcnlermiz tekstil, g\u0131da, kitap, gsm aksesuarlar\u0131, oyuncak, kozmetik, hediyelik e\u015fya ve k\u0131rtasiye gibi ambalaj gerektiren t\u00fcm sekt\u00f6rlerde kullan\u0131lmaktad\u0131r.\u00d6zerler Ambalaj \u00fcr\u00fcnleri ISO 9001:2000 Kalite Y\u00f6netim Sistemi ve Standartlar\u0131na ve Tar\u0131m K\u00f6y \u0130\u015fleri Bakanl\u0131\u011f\u0131n\u0131n \u201c G\u0131da ile Temasta Bulunan Materleylerinin \u00dcretimi \u0130zin Sertifikas\u0131\u2019na g\u00f6re tamamen hijyenik bir ortamda \u00fcretilmektedir.<\/p>\n<p>[\/et_pb_text][\/et_pb_column][\/et_pb_row][\/et_pb_section][et_pb_section fb_built=&#8221;1&#8243; theme_builder_area=&#8221;post_content&#8221; _builder_version=&#8221;4.27.5&#8243; _module_preset=&#8221;default&#8221;][et_pb_row _builder_version=&#8221;4.27.5&#8243; _module_preset=&#8221;default&#8221; theme_builder_area=&#8221;post_content&#8221;][et_pb_column _builder_version=&#8221;4.27.5&#8243; _module_preset=&#8221;default&#8221; type=&#8221;4_4&#8243; theme_builder_area=&#8221;post_content&#8221;][et_pb_gallery _builder_version=&#8221;4.27.5&#8243; _module_preset=&#8221;default&#8221; theme_builder_area=&#8221;post_content&#8221; gallery_ids=&#8221;494,474,484,463&#8243; hover_enabled=&#8221;0&#8243; sticky_enabled=&#8221;0&#8243; show_title_and_caption=&#8221;off&#8221;][\/et_pb_gallery][\/et_pb_column][\/et_pb_row][\/et_pb_section]<\/p>\n<div id=\"dipi-popup-maker-container\"><\/div>    <script type=\"text\/javascript\">\n        var ajaxurl = \"https:\/\/ozerlerambalaj.com.tr\/wp-admin\/admin-ajax.php\";\n    <\/script>\n    ","protected":false},"excerpt":{"rendered":"<p><div class=\"et_pb_module dipi_floating_multi_images dipi_floating_multi_images_0\">\n\t\t\t\t\n\t\t\t\t\n\t\t\t\t\n\t\t\t\t\n\t\t\t\t\n\t\t\t\t\n\t\t\t\t<div class=\"et_pb_module_inner\">\n\t\t\t\t\t<div class=\"dipi-floating-multi-images\"> <div class=\"et_pb_module dipi_floating_multi_images_child dipi_floating_multi_images_child_0\">\n\t\t\t\t\n\t\t\t\t\n\t\t\t\t\n\t\t\t\t\n\t\t\t\t\n\t\t\t\t\n\t\t\t\t<div class=\"et_pb_module_inner\">\n\t\t\t\t\t\n                <div class=\"dipi-fi-img\"><img decoding=\"async\" src=\"https:\/\/ozerlerambalaj.com.tr\/wp-content\/uploads\/2024\/04\/ozerler-logo.png\" alt=\"\u00dcr\u00fcnlerinize De\u011fer Katar\"\/><\/img><\/div>\n            \n\t\t\t\t<\/div>\n\t\t\t<\/div> <\/div>\n\t\t\t\t<\/div>\n\t\t\t<\/div><div class=\"et_pb_module dipi_dual_heading dipi_dual_heading_0\">\n\t\t\t\t\n\t\t\t\t\n\t\t\t\t\n\t\t\t\t\n\t\t\t\t\n\t\t\t\t\n\t\t\t\t<div class=\"et_pb_module_inner\">\n\t\t\t\t\t\n                <div class=\"dipi-dual-heading \">\n                    <h2 class=\"dipi-dh-main\">\n                        <span class=\"dipi-dh-first-heading\">\n                            <span class=\"dipi-dh-animation-container\">\n                                <span class=\"dipi-dh-bg-container\">\n                                    Hakk\u0131m\u0131zda\n                                <\/span>\n                            <\/span>\n                        <\/span>\n                        <span class=\"dipi-dh-second-heading\">\n                            <span class=\"dipi-dh-animation-container\">\n                                <span class=\"dipi-dh-bg-container\">\n                                    \n                                <\/span>\n                            <\/span>\n                        <\/span>\n                    <\/h2>\n                <\/div>\n\t\t\t\t<\/div>\n\t\t\t<\/div>1995 y\u0131l\u0131nda, kurucumuz Faruk \u00d6ZER taraf\u0131ndan geli\u015fmekte olan AMBALAJ SEKT\u00d6R\u00dcNDE yerini alm\u0131\u015ft\u0131r.Sayg\u0131n m\u00fc\u015fteri portf\u00f6y\u00fcm\u00fcz\u00fcn talepleri do\u011frultusunda, PVC, PET, PP kutu, termoform, takvim g\u00f6stergesi ve HAMMADDE \u015eATI\u015eI yapmaktad\u0131r.\u00d6zerler ambalaj, teknolojiyi takip ederek [&hellip;]<\/p>\n","protected":false},"author":1,"featured_media":0,"parent":0,"menu_order":0,"comment_status":"closed","ping_status":"closed","template":"","meta":{"_et_pb_use_builder":"on","_et_pb_old_content":"","_et_gb_content_width":"","footnotes":""},"dipi_cpt_category":[],"class_list":["post-13","page","type-page","status-publish","hentry"],"_links":{"self":[{"href":"https:\/\/ozerlerambalaj.com.tr\/index.php\/wp-json\/wp\/v2\/pages\/13","targetHints":{"allow":["GET"]}}],"collection":[{"href":"https:\/\/ozerlerambalaj.com.tr\/index.php\/wp-json\/wp\/v2\/pages"}],"about":[{"href":"https:\/\/ozerlerambalaj.com.tr\/index.php\/wp-json\/wp\/v2\/types\/page"}],"author":[{"embeddable":true,"href":"https:\/\/ozerlerambalaj.com.tr\/index.php\/wp-json\/wp\/v2\/users\/1"}],"replies":[{"embeddable":true,"href":"https:\/\/ozerlerambalaj.com.tr\/index.php\/wp-json\/wp\/v2\/comments?post=13"}],"version-history":[{"count":27,"href":"https:\/\/ozerlerambalaj.com.tr\/index.php\/wp-json\/wp\/v2\/pages\/13\/revisions"}],"predecessor-version":[{"id":656,"href":"https:\/\/ozerlerambalaj.com.tr\/index.php\/wp-json\/wp\/v2\/pages\/13\/revisions\/656"}],"wp:attachment":[{"href":"https:\/\/ozerlerambalaj.com.tr\/index.php\/wp-json\/wp\/v2\/media?parent=13"}],"wp:term":[{"taxonomy":"dipi_cpt_category","embeddable":true,"href":"https:\/\/ozerlerambalaj.com.tr\/index.php\/wp-json\/wp\/v2\/dipi_cpt_category?post=13"}],"curies":[{"name":"wp","href":"https:\/\/api.w.org\/{rel}","templated":true}]}}