{"id":343,"date":"2024-04-01T23:23:58","date_gmt":"2024-04-01T20:23:58","guid":{"rendered":"https:\/\/ozerlerambalaj.com.tr\/?page_id=343"},"modified":"2024-04-01T23:47:54","modified_gmt":"2024-04-01T20:47:54","slug":"sss","status":"publish","type":"page","link":"https:\/\/ozerlerambalaj.com.tr\/index.php\/sss\/","title":{"rendered":"SSS"},"content":{"rendered":"<p>[et_pb_section fb_built=&#8221;1&#8243; admin_label=&#8221;section&#8221; _builder_version=&#8221;4.16&#8243; global_colors_info=&#8221;{}&#8221;][et_pb_row _builder_version=&#8221;4.24.2&#8243; _module_preset=&#8221;default&#8221; global_colors_info=&#8221;{}&#8221;][et_pb_column type=&#8221;4_4&#8243; _builder_version=&#8221;4.24.2&#8243; _module_preset=&#8221;default&#8221; global_colors_info=&#8221;{}&#8221;][dipi_dual_heading first_heading=&#8221;SSS&#8221; fh_style=&#8221;stroke&#8221; _builder_version=&#8221;4.24.2&#8243; _module_preset=&#8221;default&#8221; first_heading_font_size=&#8221;36px&#8221; text_shadow_style=&#8221;preset1&#8243; global_colors_info=&#8221;{}&#8221;][\/dipi_dual_heading][\/et_pb_column][\/et_pb_row][et_pb_row _builder_version=&#8221;4.24.2&#8243; _module_preset=&#8221;default&#8221; global_colors_info=&#8221;{}&#8221;][et_pb_column type=&#8221;4_4&#8243; _builder_version=&#8221;4.24.2&#8243; _module_preset=&#8221;default&#8221; global_colors_info=&#8221;{}&#8221;][dipi_faq show_uncategorized=&#8221;on&#8221; faq_layout=&#8221;plain&#8221; icon_closed=&#8221;&#x37;||divi||400&#8243; icon_closed_color=&#8221;#E02B20&#8243; _builder_version=&#8221;4.24.2&#8243; _module_preset=&#8221;default&#8221; animation_style=&#8221;flip&#8221; hover_enabled=&#8221;0&#8243; global_colors_info=&#8221;{}&#8221; sticky_enabled=&#8221;0&#8243;][\/dipi_faq][\/et_pb_column][\/et_pb_row][\/et_pb_section]<\/p>\n<div id=\"dipi-popup-maker-container\"><\/div>    <script type=\"text\/javascript\">\n        var ajaxurl = \"https:\/\/ozerlerambalaj.com.tr\/wp-admin\/admin-ajax.php\";\n    <\/script>\n    ","protected":false},"excerpt":{"rendered":"<p><div class=\"et_pb_module dipi_dual_heading dipi_dual_heading_0\">\n\t\t\t\t\n\t\t\t\t\n\t\t\t\t\n\t\t\t\t\n\t\t\t\t\n\t\t\t\t\n\t\t\t\t<div class=\"et_pb_module_inner\">\n\t\t\t\t\t\n                <div class=\"dipi-dual-heading \">\n                    <h2 class=\"dipi-dh-main\">\n                        <span class=\"dipi-dh-first-heading\">\n                            <span class=\"dipi-dh-animation-container\">\n                                <span class=\"dipi-dh-bg-container\">\n                                    SSS\n                                <\/span>\n                            <\/span>\n                        <\/span>\n                        <span class=\"dipi-dh-second-heading\">\n                            <span class=\"dipi-dh-animation-container\">\n                                <span class=\"dipi-dh-bg-container\">\n                                    \n                                <\/span>\n                            <\/span>\n                        <\/span>\n                    <\/h2>\n                <\/div>\n\t\t\t\t<\/div>\n\t\t\t<\/div><div class=\"et_pb_module dipi_faq dipi_faq_0 et_animated\">\n\t\t\t\t\n\t\t\t\t\n\t\t\t\t\n\t\t\t\t\n\t\t\t\t\n\t\t\t\t\n\t\t\t\t<div class=\"et_pb_module_inner\">\n\t\t\t\t\t<div class=\"dipi-faq-wrapper dipi-faq-plain loading \" style=\"display: none;\" data-config=\"{&quot;layout&quot;:&quot;plain&quot;}\">\n\t\t\t\t<script type=\"application\/ld+json\">{\"@context\":\"https:\\\/\\\/schema.org\",\"@type\":\"FAQPage\",\"@id\":false,\"mainEntity\":[{\"@type\":\"Question\",\"name\":\"Asetat Nedir?\",\"acceptedAnswer\":{\"@type\":\"Answer\",\"text\":\"<p>Asetat film, bask\\u0131 m\\u00fcrekkebini kabul edecek ince, \\u015feffaf veya yar\\u0131 saydam ve esnek bir plastik levha veya \\u015ferittir. Ayr\\u0131ca buru\\u015fmazl\\u0131k, ya\\u011f ge\\u00e7irmezlik, suya dayan\\u0131kl\\u0131l\\u0131k, boyutsal stabilite, y\\u00fcksek gaz ge\\u00e7irgenli\\u011fi, iyi elektriksel yal\\u0131t\\u0131m \\u00f6zellikleri, bu\\u011fulanmaya kar\\u015f\\u0131 dayan\\u0131kl\\u0131l\\u0131k ve orta d\\u00fczeyde su buhar\\u0131 ge\\u00e7irgenli\\u011fi ile de bilinmektedir. &#8220;Asetat Kutusu&#8221; terimi hala kullan\\u0131lmas\\u0131na ra\\u011fmen, Asetat plastik katlan\\u0131r kartonlar\\u0131n yap\\u0131m\\u0131nda \\u00e7ok nadiren kullan\\u0131ld\\u0131\\u011f\\u0131ndan genellikle PET \\u015feffaf kutuya at\\u0131fta bulunur.<\\\/p>\\n<div id=\\\"dipi-popup-maker-container\\\"><\\\/div>    <script type=\\\"text\\\/javascript\\\">\\n        var ajaxurl = \\\"https:\\\/\\\/ozerlerambalaj.com.tr\\\/wp-admin\\\/admin-ajax.php\\\";\\n    <\\\/script>\\n    \"}},{\"@type\":\"Question\",\"name\":\"Folyo Damgalama Nedir?\",\"acceptedAnswer\":{\"@type\":\"Answer\",\"text\":\"<p>Folyo damgalama (ayn\\u0131 zamanda folyo uygulamas\\u0131 veya S\\u0131cak Damgalama olarak da bilinir), \\u0131s\\u0131t\\u0131lm\\u0131\\u015f bir kal\\u0131b\\u0131n folyo \\u00fczerine uygulanmas\\u0131yla metalik veya pigmentli folyonun kat\\u0131 bir y\\u00fczeye uygulanmas\\u0131d\\u0131r ve kal\\u0131b\\u0131n tasar\\u0131m\\u0131n\\u0131 b\\u0131rakarak a\\u015fa\\u011f\\u0131daki y\\u00fczeye kal\\u0131c\\u0131 olarak yap\\u0131\\u015fmas\\u0131n\\u0131 sa\\u011flar. Bu dekorasyon i\\u015flemi genellikle m\\u00fc\\u015fteri, folyonun parlak etkisi nedeniyle plastik katlama kutusunun daha da \\u00f6ne \\u00e7\\u0131kmas\\u0131n\\u0131 istedi\\u011finde kullan\\u0131l\\u0131r.<\\\/p>\\n<div id=\\\"dipi-popup-maker-container\\\"><\\\/div>    <script type=\\\"text\\\/javascript\\\">\\n        var ajaxurl = \\\"https:\\\/\\\/ozerlerambalaj.com.tr\\\/wp-admin\\\/admin-ajax.php\\\";\\n    <\\\/script>\\n    \"}},{\"@type\":\"Question\",\"name\":\"Gradyan nedir?\",\"acceptedAnswer\":{\"@type\":\"Answer\",\"text\":\"<p>Ticari bask\\u0131 d\\u00fcnyas\\u0131nda &#8220;gradyan&#8221; terimi, renk veya g\\u00f6r\\u00fcnt\\u00fclerin d\\u00fc\\u015f\\u00fck de\\u011ferlerden y\\u00fcksek de\\u011ferlere do\\u011fru kademeli olarak kar\\u0131\\u015f\\u0131m\\u0131n\\u0131 tan\\u0131mlamak i\\u00e7in kullan\\u0131l\\u0131r. Bazen degrade yerine \\u201crenk ilerlemesi\\u201d terimi kullan\\u0131l\\u0131r. Degradeler, \\u015feffaf ambalaj \\u00fczerinde bir renkten di\\u011ferine veya bir renkten yar\\u0131 saydama ve \\u015feffafa kadar kademeli olarak kar\\u0131\\u015fan renk dolgular\\u0131d\\u0131r.<\\\/p>\\n<div id=\\\"dipi-popup-maker-container\\\"><\\\/div>    <script type=\\\"text\\\/javascript\\\">\\n        var ajaxurl = \\\"https:\\\/\\\/ozerlerambalaj.com.tr\\\/wp-admin\\\/admin-ajax.php\\\";\\n    <\\\/script>\\n    \"}},{\"@type\":\"Question\",\"name\":\"Off-Set Bask\\u0131 Nedir?\",\"acceptedAnswer\":{\"@type\":\"Answer\",\"text\":\"<p>Ofset bask\\u0131 teknolojisi, bir g\\u00f6r\\u00fcnt\\u00fcy\\u00fc kau\\u00e7uk bir &#8220;battaniyeye&#8221; aktarmak ve ard\\u0131ndan bu g\\u00f6r\\u00fcnt\\u00fcy\\u00fc bir PET tabakas\\u0131na yuvarlamak i\\u00e7in kullan\\u0131lan, genellikle al\\u00fcminyumdan yap\\u0131lm\\u0131\\u015f plakalar\\u0131 kullan\\u0131r. M\\u00fcrekkebin do\\u011frudan ka\\u011f\\u0131da aktar\\u0131lmamas\\u0131 nedeniyle ofset ad\\u0131n\\u0131 alm\\u0131\\u015ft\\u0131r. Ofset bask\\u0131, daha b\\u00fcy\\u00fck miktarlarda plastik katlan\\u0131r kutulara ihtiya\\u00e7 duyuldu\\u011funda en iyi se\\u00e7imdir ve do\\u011fru renk \\u00fcretimi ile canl\\u0131, temiz, profesyonel g\\u00f6r\\u00fcn\\u00fcml\\u00fc bask\\u0131 sa\\u011flar. \\u015eeffaf plastik kutu \\u00fczerine bask\\u0131, benzersiz ve \\u00e7ekici bir ambalaj sa\\u011flamak i\\u00e7in tamamen opak veya yar\\u0131 saydam olabilir.<\\\/p>\\n<div id=\\\"dipi-popup-maker-container\\\"><\\\/div>    <script type=\\\"text\\\/javascript\\\">\\n        var ajaxurl = \\\"https:\\\/\\\/ozerlerambalaj.com.tr\\\/wp-admin\\\/admin-ajax.php\\\";\\n    <\\\/script>\\n    \"}},{\"@type\":\"Question\",\"name\":\"PCR PET nedir?\",\"acceptedAnswer\":{\"@type\":\"Answer\",\"text\":\"<p>PCR, T\\u00fcketici Sonras\\u0131 Geri D\\u00f6n\\u00fc\\u015ft\\u00fcr\\u00fclm\\u00fc\\u015f anlam\\u0131na gelir ve PET, Polietilen Tereftalat anlam\\u0131na gelir. \\u015eeffaf PET, \\u00f6rne\\u011fin su \\u015fi\\u015felerinin yap\\u0131ld\\u0131\\u011f\\u0131 malzemedir. PCR plastikleri daha \\u00f6nce kulland\\u0131\\u011f\\u0131m\\u0131z ve daha sonra geri d\\u00f6n\\u00fc\\u015ft\\u00fcr\\u00fcld\\u00fc\\u011f\\u00fcm\\u00fcz plastikten yap\\u0131lm\\u0131\\u015ft\\u0131r. PCR, geri d\\u00f6n\\u00fc\\u015ft\\u00fcr\\u00fclm\\u00fc\\u015f PET&#8217;ten elde edilen re\\u00e7inedir. Geri d\\u00f6n\\u00fc\\u015ft\\u00fcr\\u00fcld\\u00fc\\u011f\\u00fcnde PET su \\u015fi\\u015fenize ne olaca\\u011f\\u0131n\\u0131 hayal edin. Toplan\\u0131r, sterilize edilir ve daha sonra re\\u00e7ineye \\u00f6\\u011f\\u00fct\\u00fcl\\u00fcr. Bazen PCR, T\\u00fcketici Sonras\\u0131 Re\\u00e7inenin k\\u0131saltmas\\u0131d\\u0131r. Re\\u00e7ine daha sonra \\u0131s\\u0131t\\u0131l\\u0131r ve yeni PCR PET tabakalar\\u0131 olu\\u015fturmak i\\u00e7in ekstr\\u00fcde edilir. PET, polimer zinciri \\u00e7ok d\\u00fc\\u015f\\u00fck s\\u0131cakl\\u0131kta par\\u00e7aland\\u0131\\u011f\\u0131 i\\u00e7in gezegendeki en \\u00e7ok geri d\\u00f6n\\u00fc\\u015ft\\u00fcr\\u00fclen plastiktir, dolay\\u0131s\\u0131yla geri d\\u00f6n\\u00fc\\u015f\\u00fcm i\\u015flemi s\\u0131ras\\u0131nda polimer zincirinde herhangi bir bozulma olmaz. PET, kapal\\u0131 d\\u00f6ng\\u00fc sistemini s\\u00fcrd\\u00fcrmek i\\u00e7in birden \\u00e7ok kez geri d\\u00f6n\\u00fc\\u015ft\\u00fcr\\u00fclebilir. Mevcut plastiklerin yeniden i\\u015flenmesi daha az enerji ve fosil yak\\u0131t kullan\\u0131r. Bu \\u00fcr\\u00fcn, \\u015firketlerin s\\u00fcrd\\u00fcr\\u00fclebilirlik hedeflerine ula\\u015f\\u0131rken \\u015feffaf ambalaj\\u0131n avantajlar\\u0131ndan yararlanmaya devam etmelerine olanak tan\\u0131r.<\\\/p>\\n<div id=\\\"dipi-popup-maker-container\\\"><\\\/div>    <script type=\\\"text\\\/javascript\\\">\\n        var ajaxurl = \\\"https:\\\/\\\/ozerlerambalaj.com.tr\\\/wp-admin\\\/admin-ajax.php\\\";\\n    <\\\/script>\\n    \"}},{\"@type\":\"Question\",\"name\":\"PVC nedir?\",\"acceptedAnswer\":{\"@type\":\"Answer\",\"text\":\"<p>Polivinil Klor\\u00fcr (PVC) , d\\u00fcnyada en yayg\\u0131n kullan\\u0131lan termoplastik polimerlerden biridir ( PET ve PP gibi daha yayg\\u0131n olarak kullan\\u0131lan birka\\u00e7 plastikten sonra ). Do\\u011fal olarak beyaz ve \\u00e7ok k\\u0131r\\u0131lgan (plastikle\\u015ftiricilerin eklenmesinden \\u00f6nce) bir plastiktir. PVC, bir miktar dayan\\u0131kl\\u0131l\\u0131\\u011fa sahip sert bir plastiktir. PVC, PET&#8217;ten daha pahal\\u0131d\\u0131r ve \\u015feffaf PVC, \\u015feffaf PET&#8217;e k\\u0131yasla \\u00e7ok a\\u00e7\\u0131k olan a\\u00e7\\u0131k mavi bir renk tonuna sahiptir. PVC, \\u00e7o\\u011fu belediye geri d\\u00f6n\\u00fc\\u015f\\u00fcm program\\u0131 taraf\\u0131ndan kabul edilmemektedir ancak PET, gezegendeki en kolay ve en \\u00e7ok geri d\\u00f6n\\u00fc\\u015ft\\u00fcr\\u00fclen plastiklerden biridir. Geri d\\u00f6n\\u00fc\\u015f\\u00fcme olan ilginin artmas\\u0131 nedeniyle bir\\u00e7ok t\\u00fcketici \\u015feffaf PVC ambalajlardan \\u015eeffaf PET ambalajlara ge\\u00e7i\\u015f yapt\\u0131.<\\\/p>\\n<div id=\\\"dipi-popup-maker-container\\\"><\\\/div>    <script type=\\\"text\\\/javascript\\\">\\n        var ajaxurl = \\\"https:\\\/\\\/ozerlerambalaj.com.tr\\\/wp-admin\\\/admin-ajax.php\\\";\\n    <\\\/script>\\n    \"}},{\"@type\":\"Question\",\"name\":\"Serigraf Bask\\u0131 Nedir?\",\"acceptedAnswer\":{\"@type\":\"Answer\",\"text\":\"<p>M\\u00fcrekkebin do\\u011frudan bas\\u0131lacak y\\u00fczeye (alt tabakaya) uyguland\\u0131\\u011f\\u0131 bir y\\u00f6ntem. Bas\\u0131lacak g\\u00f6r\\u00fcnt\\u00fc \\u00e7ok ince bir kuma\\u015fa (ekrana) fotografik olarak aktar\\u0131larak bask\\u0131 yap\\u0131lmayan alanlar kapat\\u0131l\\u0131r ve kuma\\u015f \\u015fablon g\\u00f6revi g\\u00f6r\\u00fcr. M\\u00fcrekkep, engellenmemi\\u015f g\\u00f6zeneklerden ge\\u00e7erek alt tabakaya ula\\u015fmak i\\u00e7in ekran boyunca silinir. Bas\\u0131lacak her renk i\\u00e7in ayr\\u0131 bir ekran haz\\u0131rlan\\u0131r ve i\\u015flem tekrarlan\\u0131r. Plastik kutular\\u0131n k\\u0131sa tirajl\\u0131 bask\\u0131lar\\u0131 i\\u00e7in ofset bask\\u0131ya g\\u00f6re daha uygundur. Serigrafi de denir.<\\\/p>\\n<div id=\\\"dipi-popup-maker-container\\\"><\\\/div>    <script type=\\\"text\\\/javascript\\\">\\n        var ajaxurl = \\\"https:\\\/\\\/ozerlerambalaj.com.tr\\\/wp-admin\\\/admin-ajax.php\\\";\\n    <\\\/script>\\n    \"}},{\"@type\":\"Question\",\"name\":\"UV Bask\\u0131 Teknolojisi Nedir?\",\"acceptedAnswer\":{\"@type\":\"Answer\",\"text\":\"<p>UV bask\\u0131, di\\u011fer bask\\u0131 y\\u00f6ntemlerine g\\u00f6re daha dayan\\u0131kl\\u0131 ve kaliteli bir bask\\u0131d\\u0131r. UV bask\\u0131da, mikro boyuttaki boya tanecikleri \\u00fcr\\u00fcn\\u00fc i\\u015fler ve boyalar\\u0131n\\u0131n \\u00fcr\\u00fcn y\\u00fczeyine de\\u011fdi\\u011fi anda ultraviyole \\u0131\\u015f\\u0131nlar\\u0131yla kurutularak bask\\u0131 elde edilir. UV bask\\u0131 sayesinde boyalar\\u0131n kuruma s\\u00fcresi 1 saniyenin alt\\u0131nda ger\\u00e7ekle\\u015fir.<\\\/p>\\n<div id=\\\"dipi-popup-maker-container\\\"><\\\/div>    <script type=\\\"text\\\/javascript\\\">\\n        var ajaxurl = \\\"https:\\\/\\\/ozerlerambalaj.com.tr\\\/wp-admin\\\/admin-ajax.php\\\";\\n    <\\\/script>\\n    \"}}]}<\/script><div class=\"dipi-faq-entry\" data-entry-number=\"0\">\n                        <div class=\"dipi-faq-title\"><i class=\"dipi-faq-icon-open\">:<\/i>\n                                    <i class=\"dipi-faq-icon-closed\">&#x37;<\/i><span>Asetat Nedir?<\/span><\/div>\n                        <div class=\"dipi-faq-content\"><p>Asetat film, bask\u0131 m\u00fcrekkebini kabul edecek ince, \u015feffaf veya yar\u0131 saydam ve esnek bir plastik levha veya \u015ferittir. Ayr\u0131ca buru\u015fmazl\u0131k, ya\u011f ge\u00e7irmezlik, suya dayan\u0131kl\u0131l\u0131k, boyutsal stabilite, y\u00fcksek gaz ge\u00e7irgenli\u011fi, iyi elektriksel yal\u0131t\u0131m \u00f6zellikleri, bu\u011fulanmaya kar\u015f\u0131 dayan\u0131kl\u0131l\u0131k ve orta d\u00fczeyde su buhar\u0131 ge\u00e7irgenli\u011fi ile de bilinmektedir. &#8220;Asetat Kutusu&#8221; terimi hala kullan\u0131lmas\u0131na ra\u011fmen, Asetat plastik katlan\u0131r kartonlar\u0131n yap\u0131m\u0131nda \u00e7ok nadiren kullan\u0131ld\u0131\u011f\u0131ndan genellikle PET \u015feffaf kutuya at\u0131fta bulunur.<\/p>\n<div id=\"dipi-popup-maker-container\"><\/div>    <script type=\"text\/javascript\">\n        var ajaxurl = \"https:\/\/ozerlerambalaj.com.tr\/wp-admin\/admin-ajax.php\";\n    <\/script>\n    <\/div>\n                    <\/div><div class=\"dipi-faq-entry\" data-entry-number=\"1\">\n                        <div class=\"dipi-faq-title\"><i class=\"dipi-faq-icon-open\">:<\/i>\n                                    <i class=\"dipi-faq-icon-closed\">&#x37;<\/i><span>Folyo Damgalama Nedir?<\/span><\/div>\n                        <div class=\"dipi-faq-content\"><p>Folyo damgalama (ayn\u0131 zamanda folyo uygulamas\u0131 veya S\u0131cak Damgalama olarak da bilinir), \u0131s\u0131t\u0131lm\u0131\u015f bir kal\u0131b\u0131n folyo \u00fczerine uygulanmas\u0131yla metalik veya pigmentli folyonun kat\u0131 bir y\u00fczeye uygulanmas\u0131d\u0131r ve kal\u0131b\u0131n tasar\u0131m\u0131n\u0131 b\u0131rakarak a\u015fa\u011f\u0131daki y\u00fczeye kal\u0131c\u0131 olarak yap\u0131\u015fmas\u0131n\u0131 sa\u011flar. Bu dekorasyon i\u015flemi genellikle m\u00fc\u015fteri, folyonun parlak etkisi nedeniyle plastik katlama kutusunun daha da \u00f6ne \u00e7\u0131kmas\u0131n\u0131 istedi\u011finde kullan\u0131l\u0131r.<\/p>\n<div id=\"dipi-popup-maker-container\"><\/div>    <script type=\"text\/javascript\">\n        var ajaxurl = \"https:\/\/ozerlerambalaj.com.tr\/wp-admin\/admin-ajax.php\";\n    <\/script>\n    <\/div>\n                    <\/div><div class=\"dipi-faq-entry\" data-entry-number=\"2\">\n                        <div class=\"dipi-faq-title\"><i class=\"dipi-faq-icon-open\">:<\/i>\n                                    <i class=\"dipi-faq-icon-closed\">&#x37;<\/i><span>Gradyan nedir?<\/span><\/div>\n                        <div class=\"dipi-faq-content\"><p>Ticari bask\u0131 d\u00fcnyas\u0131nda &#8220;gradyan&#8221; terimi, renk veya g\u00f6r\u00fcnt\u00fclerin d\u00fc\u015f\u00fck de\u011ferlerden y\u00fcksek de\u011ferlere do\u011fru kademeli olarak kar\u0131\u015f\u0131m\u0131n\u0131 tan\u0131mlamak i\u00e7in kullan\u0131l\u0131r. Bazen degrade yerine \u201crenk ilerlemesi\u201d terimi kullan\u0131l\u0131r. Degradeler, \u015feffaf ambalaj \u00fczerinde bir renkten di\u011ferine veya bir renkten yar\u0131 saydama ve \u015feffafa kadar kademeli olarak kar\u0131\u015fan renk dolgular\u0131d\u0131r.<\/p>\n<div id=\"dipi-popup-maker-container\"><\/div>    <script type=\"text\/javascript\">\n        var ajaxurl = \"https:\/\/ozerlerambalaj.com.tr\/wp-admin\/admin-ajax.php\";\n    <\/script>\n    <\/div>\n                    <\/div><div class=\"dipi-faq-entry\" data-entry-number=\"3\">\n                        <div class=\"dipi-faq-title\"><i class=\"dipi-faq-icon-open\">:<\/i>\n                                    <i class=\"dipi-faq-icon-closed\">&#x37;<\/i><span>Off-Set Bask\u0131 Nedir?<\/span><\/div>\n                        <div class=\"dipi-faq-content\"><p>Ofset bask\u0131 teknolojisi, bir g\u00f6r\u00fcnt\u00fcy\u00fc kau\u00e7uk bir &#8220;battaniyeye&#8221; aktarmak ve ard\u0131ndan bu g\u00f6r\u00fcnt\u00fcy\u00fc bir PET tabakas\u0131na yuvarlamak i\u00e7in kullan\u0131lan, genellikle al\u00fcminyumdan yap\u0131lm\u0131\u015f plakalar\u0131 kullan\u0131r. M\u00fcrekkebin do\u011frudan ka\u011f\u0131da aktar\u0131lmamas\u0131 nedeniyle ofset ad\u0131n\u0131 alm\u0131\u015ft\u0131r. Ofset bask\u0131, daha b\u00fcy\u00fck miktarlarda plastik katlan\u0131r kutulara ihtiya\u00e7 duyuldu\u011funda en iyi se\u00e7imdir ve do\u011fru renk \u00fcretimi ile canl\u0131, temiz, profesyonel g\u00f6r\u00fcn\u00fcml\u00fc bask\u0131 sa\u011flar. \u015eeffaf plastik kutu \u00fczerine bask\u0131, benzersiz ve \u00e7ekici bir ambalaj sa\u011flamak i\u00e7in tamamen opak veya yar\u0131 saydam olabilir.<\/p>\n<div id=\"dipi-popup-maker-container\"><\/div>    <script type=\"text\/javascript\">\n        var ajaxurl = \"https:\/\/ozerlerambalaj.com.tr\/wp-admin\/admin-ajax.php\";\n    <\/script>\n    <\/div>\n                    <\/div><div class=\"dipi-faq-entry\" data-entry-number=\"4\">\n                        <div class=\"dipi-faq-title\"><i class=\"dipi-faq-icon-open\">:<\/i>\n                                    <i class=\"dipi-faq-icon-closed\">&#x37;<\/i><span>PCR PET nedir?<\/span><\/div>\n                        <div class=\"dipi-faq-content\"><p>PCR, T\u00fcketici Sonras\u0131 Geri D\u00f6n\u00fc\u015ft\u00fcr\u00fclm\u00fc\u015f anlam\u0131na gelir ve PET, Polietilen Tereftalat anlam\u0131na gelir. \u015eeffaf PET, \u00f6rne\u011fin su \u015fi\u015felerinin yap\u0131ld\u0131\u011f\u0131 malzemedir. PCR plastikleri daha \u00f6nce kulland\u0131\u011f\u0131m\u0131z ve daha sonra geri d\u00f6n\u00fc\u015ft\u00fcr\u00fcld\u00fc\u011f\u00fcm\u00fcz plastikten yap\u0131lm\u0131\u015ft\u0131r. PCR, geri d\u00f6n\u00fc\u015ft\u00fcr\u00fclm\u00fc\u015f PET&#8217;ten elde edilen re\u00e7inedir. Geri d\u00f6n\u00fc\u015ft\u00fcr\u00fcld\u00fc\u011f\u00fcnde PET su \u015fi\u015fenize ne olaca\u011f\u0131n\u0131 hayal edin. Toplan\u0131r, sterilize edilir ve daha sonra re\u00e7ineye \u00f6\u011f\u00fct\u00fcl\u00fcr. Bazen PCR, T\u00fcketici Sonras\u0131 Re\u00e7inenin k\u0131saltmas\u0131d\u0131r. Re\u00e7ine daha sonra \u0131s\u0131t\u0131l\u0131r ve yeni PCR PET tabakalar\u0131 olu\u015fturmak i\u00e7in ekstr\u00fcde edilir. PET, polimer zinciri \u00e7ok d\u00fc\u015f\u00fck s\u0131cakl\u0131kta par\u00e7aland\u0131\u011f\u0131 i\u00e7in gezegendeki en \u00e7ok geri d\u00f6n\u00fc\u015ft\u00fcr\u00fclen plastiktir, dolay\u0131s\u0131yla geri d\u00f6n\u00fc\u015f\u00fcm i\u015flemi s\u0131ras\u0131nda polimer zincirinde herhangi bir bozulma olmaz. PET, kapal\u0131 d\u00f6ng\u00fc sistemini s\u00fcrd\u00fcrmek i\u00e7in birden \u00e7ok kez geri d\u00f6n\u00fc\u015ft\u00fcr\u00fclebilir. Mevcut plastiklerin yeniden i\u015flenmesi daha az enerji ve fosil yak\u0131t kullan\u0131r. Bu \u00fcr\u00fcn, \u015firketlerin s\u00fcrd\u00fcr\u00fclebilirlik hedeflerine ula\u015f\u0131rken \u015feffaf ambalaj\u0131n avantajlar\u0131ndan yararlanmaya devam etmelerine olanak tan\u0131r.<\/p>\n<div id=\"dipi-popup-maker-container\"><\/div>    <script type=\"text\/javascript\">\n        var ajaxurl = \"https:\/\/ozerlerambalaj.com.tr\/wp-admin\/admin-ajax.php\";\n    <\/script>\n    <\/div>\n                    <\/div><div class=\"dipi-faq-entry\" data-entry-number=\"5\">\n                        <div class=\"dipi-faq-title\"><i class=\"dipi-faq-icon-open\">:<\/i>\n                                    <i class=\"dipi-faq-icon-closed\">&#x37;<\/i><span>PVC nedir?<\/span><\/div>\n                        <div class=\"dipi-faq-content\"><p>Polivinil Klor\u00fcr (PVC) , d\u00fcnyada en yayg\u0131n kullan\u0131lan termoplastik polimerlerden biridir ( PET ve PP gibi daha yayg\u0131n olarak kullan\u0131lan birka\u00e7 plastikten sonra ). Do\u011fal olarak beyaz ve \u00e7ok k\u0131r\u0131lgan (plastikle\u015ftiricilerin eklenmesinden \u00f6nce) bir plastiktir. PVC, bir miktar dayan\u0131kl\u0131l\u0131\u011fa sahip sert bir plastiktir. PVC, PET&#8217;ten daha pahal\u0131d\u0131r ve \u015feffaf PVC, \u015feffaf PET&#8217;e k\u0131yasla \u00e7ok a\u00e7\u0131k olan a\u00e7\u0131k mavi bir renk tonuna sahiptir. PVC, \u00e7o\u011fu belediye geri d\u00f6n\u00fc\u015f\u00fcm program\u0131 taraf\u0131ndan kabul edilmemektedir ancak PET, gezegendeki en kolay ve en \u00e7ok geri d\u00f6n\u00fc\u015ft\u00fcr\u00fclen plastiklerden biridir. Geri d\u00f6n\u00fc\u015f\u00fcme olan ilginin artmas\u0131 nedeniyle bir\u00e7ok t\u00fcketici \u015feffaf PVC ambalajlardan \u015eeffaf PET ambalajlara ge\u00e7i\u015f yapt\u0131.<\/p>\n<div id=\"dipi-popup-maker-container\"><\/div>    <script type=\"text\/javascript\">\n        var ajaxurl = \"https:\/\/ozerlerambalaj.com.tr\/wp-admin\/admin-ajax.php\";\n    <\/script>\n    <\/div>\n                    <\/div><div class=\"dipi-faq-entry\" data-entry-number=\"6\">\n                        <div class=\"dipi-faq-title\"><i class=\"dipi-faq-icon-open\">:<\/i>\n                                    <i class=\"dipi-faq-icon-closed\">&#x37;<\/i><span>Serigraf Bask\u0131 Nedir?<\/span><\/div>\n                        <div class=\"dipi-faq-content\"><p>M\u00fcrekkebin do\u011frudan bas\u0131lacak y\u00fczeye (alt tabakaya) uyguland\u0131\u011f\u0131 bir y\u00f6ntem. Bas\u0131lacak g\u00f6r\u00fcnt\u00fc \u00e7ok ince bir kuma\u015fa (ekrana) fotografik olarak aktar\u0131larak bask\u0131 yap\u0131lmayan alanlar kapat\u0131l\u0131r ve kuma\u015f \u015fablon g\u00f6revi g\u00f6r\u00fcr. M\u00fcrekkep, engellenmemi\u015f g\u00f6zeneklerden ge\u00e7erek alt tabakaya ula\u015fmak i\u00e7in ekran boyunca silinir. Bas\u0131lacak her renk i\u00e7in ayr\u0131 bir ekran haz\u0131rlan\u0131r ve i\u015flem tekrarlan\u0131r. Plastik kutular\u0131n k\u0131sa tirajl\u0131 bask\u0131lar\u0131 i\u00e7in ofset bask\u0131ya g\u00f6re daha uygundur. Serigrafi de denir.<\/p>\n<div id=\"dipi-popup-maker-container\"><\/div>    <script type=\"text\/javascript\">\n        var ajaxurl = \"https:\/\/ozerlerambalaj.com.tr\/wp-admin\/admin-ajax.php\";\n    <\/script>\n    <\/div>\n                    <\/div><div class=\"dipi-faq-entry\" data-entry-number=\"7\">\n                        <div class=\"dipi-faq-title\"><i class=\"dipi-faq-icon-open\">:<\/i>\n                                    <i class=\"dipi-faq-icon-closed\">&#x37;<\/i><span>UV Bask\u0131 Teknolojisi Nedir?<\/span><\/div>\n                        <div class=\"dipi-faq-content\"><p>UV bask\u0131, di\u011fer bask\u0131 y\u00f6ntemlerine g\u00f6re daha dayan\u0131kl\u0131 ve kaliteli bir bask\u0131d\u0131r. UV bask\u0131da, mikro boyuttaki boya tanecikleri \u00fcr\u00fcn\u00fc i\u015fler ve boyalar\u0131n\u0131n \u00fcr\u00fcn y\u00fczeyine de\u011fdi\u011fi anda ultraviyole \u0131\u015f\u0131nlar\u0131yla kurutularak bask\u0131 elde edilir. UV bask\u0131 sayesinde boyalar\u0131n kuruma s\u00fcresi 1 saniyenin alt\u0131nda ger\u00e7ekle\u015fir.<\/p>\n<div id=\"dipi-popup-maker-container\"><\/div>    <script type=\"text\/javascript\">\n        var ajaxurl = \"https:\/\/ozerlerambalaj.com.tr\/wp-admin\/admin-ajax.php\";\n    <\/script>\n    <\/div>\n                    <\/div>\n\t\t\t<\/div>\n\t\t\t\t<\/div>\n\t\t\t<\/div><\/p>\n","protected":false},"author":1,"featured_media":0,"parent":0,"menu_order":0,"comment_status":"closed","ping_status":"closed","template":"","meta":{"_et_pb_use_builder":"on","_et_pb_old_content":"<!-- wp:divi\/placeholder \/-->","_et_gb_content_width":"","footnotes":""},"dipi_cpt_category":[],"class_list":["post-343","page","type-page","status-publish","hentry"],"_links":{"self":[{"href":"https:\/\/ozerlerambalaj.com.tr\/index.php\/wp-json\/wp\/v2\/pages\/343","targetHints":{"allow":["GET"]}}],"collection":[{"href":"https:\/\/ozerlerambalaj.com.tr\/index.php\/wp-json\/wp\/v2\/pages"}],"about":[{"href":"https:\/\/ozerlerambalaj.com.tr\/index.php\/wp-json\/wp\/v2\/types\/page"}],"author":[{"embeddable":true,"href":"https:\/\/ozerlerambalaj.com.tr\/index.php\/wp-json\/wp\/v2\/users\/1"}],"replies":[{"embeddable":true,"href":"https:\/\/ozerlerambalaj.com.tr\/index.php\/wp-json\/wp\/v2\/comments?post=343"}],"version-history":[{"count":7,"href":"https:\/\/ozerlerambalaj.com.tr\/index.php\/wp-json\/wp\/v2\/pages\/343\/revisions"}],"predecessor-version":[{"id":357,"href":"https:\/\/ozerlerambalaj.com.tr\/index.php\/wp-json\/wp\/v2\/pages\/343\/revisions\/357"}],"wp:attachment":[{"href":"https:\/\/ozerlerambalaj.com.tr\/index.php\/wp-json\/wp\/v2\/media?parent=343"}],"wp:term":[{"taxonomy":"dipi_cpt_category","embeddable":true,"href":"https:\/\/ozerlerambalaj.com.tr\/index.php\/wp-json\/wp\/v2\/dipi_cpt_category?post=343"}],"curies":[{"name":"wp","href":"https:\/\/api.w.org\/{rel}","templated":true}]}}