{"id":391,"date":"2024-04-02T20:48:09","date_gmt":"2024-04-02T17:48:09","guid":{"rendered":"https:\/\/ozerlerambalaj.com.tr\/?page_id=391"},"modified":"2026-03-13T18:53:04","modified_gmt":"2026-03-13T15:53:04","slug":"saglik-ve-guzellik-ambalajlari","status":"publish","type":"page","link":"https:\/\/ozerlerambalaj.com.tr\/index.php\/saglik-ve-guzellik-ambalajlari\/","title":{"rendered":"Sa\u011fl\u0131k ve G\u00fczellik Ambalajlar\u0131"},"content":{"rendered":"<p>[et_pb_section fb_built=&#8221;1&#8243; fullwidth=&#8221;on&#8221; _builder_version=&#8221;4.27.5&#8243; _module_preset=&#8221;default&#8221; global_colors_info=&#8221;{}&#8221;][et_pb_fullwidth_image src=&#8221;https:\/\/ozerlerambalaj.com.tr\/wp-content\/uploads\/2026\/03\/Urunler-17-scaled.png&#8221; alt=&#8221;sa\u011fl\u0131k ve g\u00fczellik&#8221; title_text=&#8221;sa\u011fl\u0131k ve g\u00fczellik&#8221; _builder_version=&#8221;4.27.5&#8243; _module_preset=&#8221;default&#8221; global_colors_info=&#8221;{}&#8221;][\/et_pb_fullwidth_image][\/et_pb_section][et_pb_section fb_built=&#8221;1&#8243; theme_builder_area=&#8221;post_content&#8221; _builder_version=&#8221;4.27.5&#8243; _module_preset=&#8221;default&#8221;][et_pb_row _builder_version=&#8221;4.27.5&#8243; _module_preset=&#8221;default&#8221; theme_builder_area=&#8221;post_content&#8221;][et_pb_column _builder_version=&#8221;4.27.5&#8243; _module_preset=&#8221;default&#8221; type=&#8221;4_4&#8243; theme_builder_area=&#8221;post_content&#8221;][et_pb_divider _builder_version=&#8221;4.27.5&#8243; _module_preset=&#8221;default&#8221; theme_builder_area=&#8221;post_content&#8221; hover_enabled=&#8221;0&#8243; sticky_enabled=&#8221;0&#8243;][\/et_pb_divider][\/et_pb_column][\/et_pb_row][\/et_pb_section][et_pb_section fb_built=&#8221;1&#8243; specialty=&#8221;on&#8221; _builder_version=&#8221;4.27.5&#8243; _module_preset=&#8221;default&#8221; global_colors_info=&#8221;{}&#8221;][et_pb_column type=&#8221;1_2&#8243; _builder_version=&#8221;4.16&#8243; custom_padding=&#8221;|||&#8221; global_colors_info=&#8221;{}&#8221; custom_padding__hover=&#8221;|||&#8221;][et_pb_image src=&#8221;https:\/\/ozerlerambalaj.com.tr\/wp-content\/uploads\/2026\/03\/Adsiz-tasarim-42.png&#8221; alt=&#8221;sa\u011fl\u0131k ve g\u00fczellik&#8221; title_text=&#8221;sa\u011fl\u0131k ve g\u00fczellik&#8221; _builder_version=&#8221;4.27.5&#8243; _module_preset=&#8221;default&#8221; global_colors_info=&#8221;{}&#8221;][\/et_pb_image][\/et_pb_column][et_pb_column type=&#8221;1_2&#8243; specialty_columns=&#8221;2&#8243; _builder_version=&#8221;4.16&#8243; custom_padding=&#8221;|||&#8221; global_colors_info=&#8221;{}&#8221; custom_padding__hover=&#8221;|||&#8221;][et_pb_row_inner _builder_version=&#8221;4.27.5&#8243; _module_preset=&#8221;default&#8221; global_colors_info=&#8221;{}&#8221;][et_pb_column_inner saved_specialty_column_type=&#8221;1_2&#8243; _builder_version=&#8221;4.27.5&#8243; _module_preset=&#8221;default&#8221; global_colors_info=&#8221;{}&#8221;][et_pb_heading title=&#8221;Kozmetik ve Sa\u011fl\u0131k Markalar\u0131 \u0130\u00e7in \u015e\u0131k Ambalaj Tasar\u0131mlar\u0131&#8221; _builder_version=&#8221;4.27.5&#8243; _module_preset=&#8221;default&#8221; global_colors_info=&#8221;{}&#8221;][\/et_pb_heading][\/et_pb_column_inner][\/et_pb_row_inner][et_pb_row_inner _builder_version=&#8221;4.27.5&#8243; _module_preset=&#8221;default&#8221; global_colors_info=&#8221;{}&#8221;][et_pb_column_inner saved_specialty_column_type=&#8221;1_2&#8243; _builder_version=&#8221;4.27.5&#8243; _module_preset=&#8221;default&#8221; global_colors_info=&#8221;{}&#8221;][et_pb_text _builder_version=&#8221;4.27.5&#8243; _module_preset=&#8221;default&#8221; global_colors_info=&#8221;{}&#8221;]<\/p>\n<p>Sa\u011fl\u0131k ve g\u00fczellik firmalar\u0131 i\u00e7in ambalaj \u00e7\u00f6z\u00fcmleri, \u00fcr\u00fcnlerin hem g\u00fcvenli bir \u015fekilde korunmas\u0131n\u0131 hem de estetik bir sunumla m\u00fc\u015fterilere ula\u015fmas\u0131n\u0131 sa\u011flayan \u00f6nemli paketleme sistemleridir. Kozmetik, ki\u015fisel bak\u0131m ve sa\u011fl\u0131k \u00fcr\u00fcnleri gibi hassas \u00fcr\u00fcnlerin do\u011fru ambalaj i\u00e7erisinde sunulmas\u0131, hem \u00fcr\u00fcn kalitesinin korunmas\u0131 hem de marka imaj\u0131n\u0131n g\u00fc\u00e7lendirilmesi a\u00e7\u0131s\u0131ndan b\u00fcy\u00fck \u00f6nem ta\u015f\u0131r. Bu nedenle sa\u011fl\u0131k ve g\u00fczellik sekt\u00f6r\u00fcnde kullan\u0131lan ambalajlar genellikle dayan\u0131kl\u0131, hijyenik ve dikkat \u00e7ekici tasar\u0131mlara sahip olacak \u015fekilde \u00fcretilir.<\/p>\n<p>[\/et_pb_text][\/et_pb_column_inner][\/et_pb_row_inner][\/et_pb_column][\/et_pb_section][et_pb_section fb_built=&#8221;1&#8243; theme_builder_area=&#8221;post_content&#8221; _builder_version=&#8221;4.27.5&#8243; _module_preset=&#8221;default&#8221;][et_pb_row _builder_version=&#8221;4.27.5&#8243; _module_preset=&#8221;default&#8221; theme_builder_area=&#8221;post_content&#8221;][et_pb_column _builder_version=&#8221;4.27.5&#8243; _module_preset=&#8221;default&#8221; type=&#8221;4_4&#8243; theme_builder_area=&#8221;post_content&#8221;][et_pb_divider _builder_version=&#8221;4.27.5&#8243; _module_preset=&#8221;default&#8221; theme_builder_area=&#8221;post_content&#8221; hover_enabled=&#8221;0&#8243; sticky_enabled=&#8221;0&#8243;][\/et_pb_divider][\/et_pb_column][\/et_pb_row][\/et_pb_section][et_pb_section fb_built=&#8221;1&#8243; _builder_version=&#8221;4.27.5&#8243; _module_preset=&#8221;default&#8221; global_colors_info=&#8221;{}&#8221;][et_pb_row _builder_version=&#8221;4.27.5&#8243; _module_preset=&#8221;default&#8221; global_colors_info=&#8221;{}&#8221;][et_pb_column type=&#8221;4_4&#8243; _builder_version=&#8221;4.27.5&#8243; _module_preset=&#8221;default&#8221; global_colors_info=&#8221;{}&#8221;][et_pb_text _builder_version=&#8221;4.27.5&#8243; _module_preset=&#8221;default&#8221; global_colors_info=&#8221;{}&#8221;]<\/p>\n<p data-start=\"71\" data-end=\"532\"><strong data-start=\"71\" data-end=\"105\">Sa\u011fl\u0131k ve g\u00fczellik ambalajlar\u0131<\/strong>, kozmetik, ki\u015fisel bak\u0131m ve sa\u011fl\u0131k \u00fcr\u00fcnlerinin g\u00fcvenli bir \u015fekilde korunmas\u0131n\u0131 ve estetik bir \u015fekilde sunulmas\u0131n\u0131 sa\u011flayan \u00f6zel paketleme \u00e7\u00f6z\u00fcmleridir. Bu sekt\u00f6rlerde kullan\u0131lan ambalajlar yaln\u0131zca \u00fcr\u00fcnleri korumakla kalmaz, ayn\u0131 zamanda markalar\u0131n profesyonel bir imaj olu\u015fturmas\u0131na da yard\u0131mc\u0131 olur. \u015e\u0131k tasar\u0131mlar ve kaliteli malzemeler sayesinde sa\u011fl\u0131k ve g\u00fczellik \u00fcr\u00fcnleri ma\u011faza raflar\u0131nda daha dikkat \u00e7ekici hale gelir.<\/p>\n<p data-start=\"534\" data-end=\"863\">Kozmetik ve ki\u015fisel bak\u0131m \u00fcr\u00fcnleri i\u00e7in kullan\u0131lan ambalajlar genellikle \u015fi\u015feler, kavanozlar, karton kutular, \u015feffaf ambalajlar ve \u00f6zel tasar\u0131m paketleme \u00e7\u00f6z\u00fcmlerinden olu\u015fur. Bu ambalajlar \u00fcr\u00fcnlerin \u0131\u015f\u0131k, nem ve d\u0131\u015f etkenlerden korunmas\u0131n\u0131 sa\u011flar. Ayn\u0131 zamanda \u00fcr\u00fcnlerin d\u00fczenli ve estetik bir \u015fekilde sunulmas\u0131na yard\u0131mc\u0131 olur.<\/p>\n<h2 data-section-id=\"188m10e\" data-start=\"865\" data-end=\"921\">Neden Sa\u011fl\u0131k ve G\u00fczellik Ambalajlar\u0131 Tercih Edilmeli?<\/h2>\n<p data-start=\"923\" data-end=\"1002\"><strong data-start=\"923\" data-end=\"944\">1. \u00dcr\u00fcn Korumas\u0131:<\/strong><br data-start=\"944\" data-end=\"947\" \/>Kozmetik ve bak\u0131m \u00fcr\u00fcnlerini d\u0131\u015f etkenlere kar\u015f\u0131 korur.<\/p>\n<p data-start=\"1004\" data-end=\"1111\"><strong data-start=\"1004\" data-end=\"1025\">2. Estetik Sunum:<\/strong><br data-start=\"1025\" data-end=\"1028\" \/>\u015e\u0131k ve modern tasar\u0131mlar sayesinde \u00fcr\u00fcnlerin daha dikkat \u00e7ekici g\u00f6r\u00fcnmesini sa\u011flar.<\/p>\n<p data-start=\"1113\" data-end=\"1210\"><strong data-start=\"1113\" data-end=\"1134\">3. Marka Kimli\u011fi:<\/strong><br data-start=\"1134\" data-end=\"1137\" \/>\u00d6zel tasar\u0131m ve logo bask\u0131l\u0131 ambalajlar markan\u0131z\u0131n bilinirli\u011fini art\u0131r\u0131r.<\/p>\n<p data-start=\"1212\" data-end=\"1342\"><strong data-start=\"1212\" data-end=\"1239\">4. Profesyonel G\u00f6r\u00fcn\u00fcm:<\/strong><br data-start=\"1239\" data-end=\"1242\" \/>\u00dcr\u00fcnlerin ma\u011faza raflar\u0131nda ve sat\u0131\u015f noktalar\u0131nda daha kaliteli bir sunum kazanmas\u0131na yard\u0131mc\u0131 olur.<\/p>\n<h2 data-section-id=\"1lh56b2\" data-start=\"1344\" data-end=\"1360\">Hizmetlerimiz<\/h2>\n<p data-start=\"1362\" data-end=\"1664\">\u2022 <strong data-start=\"1364\" data-end=\"1381\">\u00d6zel Tasar\u0131m:<\/strong> Sa\u011fl\u0131k ve g\u00fczellik \u00fcr\u00fcnleri i\u00e7in \u00f6zel ambalaj \u00e7\u00f6z\u00fcmleri.<br data-start=\"1438\" data-end=\"1441\" \/>\u2022 <strong data-start=\"1443\" data-end=\"1460\">H\u0131zl\u0131 \u00dcretim:<\/strong> Modern \u00fcretim teknolojisi ile h\u0131zl\u0131 ve kaliteli \u00fcretim.<br data-start=\"1516\" data-end=\"1519\" \/>\u2022 <strong data-start=\"1521\" data-end=\"1537\">Uygun Fiyat:<\/strong> Her b\u00fct\u00e7eye uygun ambalaj se\u00e7enekleri.<br data-start=\"1576\" data-end=\"1579\" \/>\u2022 <strong data-start=\"1581\" data-end=\"1611\">Toptan ve Perakende Sat\u0131\u015f:<\/strong> K\u00fc\u00e7\u00fck ve b\u00fcy\u00fck \u00f6l\u00e7ekli sipari\u015fler i\u00e7in esnek \u00fcretim.<\/p>\n<h2 data-section-id=\"dehkys\" data-start=\"1666\" data-end=\"1686\">Kullan\u0131m Alanlar\u0131<\/h2>\n<p data-start=\"1688\" data-end=\"1900\">\u2022 <strong data-start=\"1690\" data-end=\"1712\">Kozmetik \u00dcr\u00fcnleri:<\/strong> Parf\u00fcm, makyaj ve bak\u0131m \u00fcr\u00fcnleri.<br data-start=\"1746\" data-end=\"1749\" \/>\u2022 <strong data-start=\"1751\" data-end=\"1778\">Ki\u015fisel Bak\u0131m \u00dcr\u00fcnleri:<\/strong> Krem, losyon ve serum ambalajlar\u0131.<br data-start=\"1813\" data-end=\"1816\" \/>\u2022 <strong data-start=\"1818\" data-end=\"1838\">Sa\u011fl\u0131k \u00dcr\u00fcnleri:<\/strong> Vitamin ve takviye \u00fcr\u00fcnleri.<br data-start=\"1867\" data-end=\"1870\" \/>\u2022 <strong data-start=\"1872\" data-end=\"1900\">Spa ve G\u00fczellik \u00dcr\u00fcnleri<\/strong><\/p>\n<h2 data-section-id=\"12u0skc\" data-start=\"1902\" data-end=\"1935\">Neden Bizi Tercih Etmelisiniz?<\/h2>\n<p data-start=\"1937\" data-end=\"2192\">\u2022 <strong data-start=\"1939\" data-end=\"1960\">Kalite Garantisi:<\/strong> \u00dcr\u00fcnlerimiz y\u00fcksek kaliteli ambalaj malzemelerinden \u00fcretilmektedir.<br data-start=\"2028\" data-end=\"2031\" \/>\u2022 <strong data-start=\"2033\" data-end=\"2045\">Deneyim:<\/strong> Kozmetik ve sa\u011fl\u0131k sekt\u00f6r\u00fc i\u00e7in ambalaj \u00e7\u00f6z\u00fcmlerinde tecr\u00fcbe.<br data-start=\"2107\" data-end=\"2110\" \/>\u2022 <strong data-start=\"2112\" data-end=\"2136\">M\u00fc\u015fteri Memnuniyeti:<\/strong> Sipari\u015ften teslimata kadar profesyonel hizmet anlay\u0131\u015f\u0131.<\/p>\n<h2 data-section-id=\"1lhvet9\" data-start=\"2194\" data-end=\"2212\">\u0130leti\u015fime Ge\u00e7in<\/h2>\n<p data-start=\"2214\" data-end=\"2450\" data-is-last-node=\"\" data-is-only-node=\"\">Sa\u011fl\u0131k ve g\u00fczellik ambalajlar\u0131 hakk\u0131nda daha fazla bilgi almak ve \u00fcr\u00fcnlerinize \u00f6zel paketleme \u00e7\u00f6z\u00fcmleri i\u00e7in bizimle ileti\u015fime ge\u00e7ebilirsiniz. Uzman ekibimiz markan\u0131za en uygun ambalaj se\u00e7eneklerini sunmaktan memnuniyet duyacakt\u0131r. \ud83d\udc84\ud83d\udce6<\/p>\n<p>[\/et_pb_text][\/et_pb_column][\/et_pb_row][\/et_pb_section][et_pb_section fb_built=&#8221;1&#8243; theme_builder_area=&#8221;post_content&#8221; _builder_version=&#8221;4.27.5&#8243; _module_preset=&#8221;default&#8221;][et_pb_row _builder_version=&#8221;4.27.5&#8243; _module_preset=&#8221;default&#8221; theme_builder_area=&#8221;post_content&#8221;][et_pb_column _builder_version=&#8221;4.27.5&#8243; _module_preset=&#8221;default&#8221; type=&#8221;4_4&#8243; theme_builder_area=&#8221;post_content&#8221;][et_pb_divider _builder_version=&#8221;4.27.5&#8243; _module_preset=&#8221;default&#8221; theme_builder_area=&#8221;post_content&#8221; hover_enabled=&#8221;0&#8243; sticky_enabled=&#8221;0&#8243;][\/et_pb_divider][\/et_pb_column][\/et_pb_row][\/et_pb_section][et_pb_section fb_built=&#8221;1&#8243; theme_builder_area=&#8221;post_content&#8221; _builder_version=&#8221;4.27.5&#8243; _module_preset=&#8221;default&#8221;][et_pb_row _builder_version=&#8221;4.27.5&#8243; _module_preset=&#8221;default&#8221; theme_builder_area=&#8221;post_content&#8221;][et_pb_column _builder_version=&#8221;4.27.5&#8243; _module_preset=&#8221;default&#8221; type=&#8221;4_4&#8243; theme_builder_area=&#8221;post_content&#8221;][et_pb_button button_text=&#8221;Bize Ula\u015f\u0131n&#8221; _builder_version=&#8221;4.27.5&#8243; _module_preset=&#8221;default&#8221; theme_builder_area=&#8221;post_content&#8221; button_url=&#8221;tel:+902124891017&#8243; button_alignment=&#8221;center&#8221; hover_enabled=&#8221;0&#8243; sticky_enabled=&#8221;0&#8243;][\/et_pb_button][\/et_pb_column][\/et_pb_row][\/et_pb_section][et_pb_section fb_built=&#8221;1&#8243; theme_builder_area=&#8221;post_content&#8221; _builder_version=&#8221;4.27.5&#8243; _module_preset=&#8221;default&#8221;][et_pb_row _builder_version=&#8221;4.27.5&#8243; _module_preset=&#8221;default&#8221; theme_builder_area=&#8221;post_content&#8221;][et_pb_column _builder_version=&#8221;4.27.5&#8243; _module_preset=&#8221;default&#8221; type=&#8221;4_4&#8243; theme_builder_area=&#8221;post_content&#8221;][et_pb_divider _builder_version=&#8221;4.27.5&#8243; _module_preset=&#8221;default&#8221; theme_builder_area=&#8221;post_content&#8221; hover_enabled=&#8221;0&#8243; sticky_enabled=&#8221;0&#8243;][\/et_pb_divider][\/et_pb_column][\/et_pb_row][\/et_pb_section]<\/p>\n<div id=\"dipi-popup-maker-container\"><\/div>    <script type=\"text\/javascript\">\n        var ajaxurl = \"https:\/\/ozerlerambalaj.com.tr\/wp-admin\/admin-ajax.php\";\n    <\/script>\n    ","protected":false},"excerpt":{"rendered":"<p>Sa\u011fl\u0131k ve g\u00fczellik firmalar\u0131 i\u00e7in ambalaj \u00e7\u00f6z\u00fcmleri, \u00fcr\u00fcnlerin hem g\u00fcvenli bir \u015fekilde korunmas\u0131n\u0131 hem de estetik bir sunumla m\u00fc\u015fterilere ula\u015fmas\u0131n\u0131 sa\u011flayan \u00f6nemli paketleme sistemleridir. Kozmetik, ki\u015fisel bak\u0131m ve sa\u011fl\u0131k \u00fcr\u00fcnleri gibi hassas \u00fcr\u00fcnlerin do\u011fru ambalaj i\u00e7erisinde sunulmas\u0131, hem \u00fcr\u00fcn kalitesinin korunmas\u0131 hem de marka imaj\u0131n\u0131n g\u00fc\u00e7lendirilmesi a\u00e7\u0131s\u0131ndan b\u00fcy\u00fck \u00f6nem ta\u015f\u0131r. Bu nedenle sa\u011fl\u0131k ve g\u00fczellik [&hellip;]<\/p>\n","protected":false},"author":1,"featured_media":0,"parent":0,"menu_order":0,"comment_status":"closed","ping_status":"closed","template":"","meta":{"_et_pb_use_builder":"on","_et_pb_old_content":"","_et_gb_content_width":"","footnotes":""},"dipi_cpt_category":[],"class_list":["post-391","page","type-page","status-publish","hentry"],"_links":{"self":[{"href":"https:\/\/ozerlerambalaj.com.tr\/index.php\/wp-json\/wp\/v2\/pages\/391","targetHints":{"allow":["GET"]}}],"collection":[{"href":"https:\/\/ozerlerambalaj.com.tr\/index.php\/wp-json\/wp\/v2\/pages"}],"about":[{"href":"https:\/\/ozerlerambalaj.com.tr\/index.php\/wp-json\/wp\/v2\/types\/page"}],"author":[{"embeddable":true,"href":"https:\/\/ozerlerambalaj.com.tr\/index.php\/wp-json\/wp\/v2\/users\/1"}],"replies":[{"embeddable":true,"href":"https:\/\/ozerlerambalaj.com.tr\/index.php\/wp-json\/wp\/v2\/comments?post=391"}],"version-history":[{"count":4,"href":"https:\/\/ozerlerambalaj.com.tr\/index.php\/wp-json\/wp\/v2\/pages\/391\/revisions"}],"predecessor-version":[{"id":777,"href":"https:\/\/ozerlerambalaj.com.tr\/index.php\/wp-json\/wp\/v2\/pages\/391\/revisions\/777"}],"wp:attachment":[{"href":"https:\/\/ozerlerambalaj.com.tr\/index.php\/wp-json\/wp\/v2\/media?parent=391"}],"wp:term":[{"taxonomy":"dipi_cpt_category","embeddable":true,"href":"https:\/\/ozerlerambalaj.com.tr\/index.php\/wp-json\/wp\/v2\/dipi_cpt_category?post=391"}],"curies":[{"name":"wp","href":"https:\/\/api.w.org\/{rel}","templated":true}]}}