{"id":393,"date":"2024-04-02T20:48:32","date_gmt":"2024-04-02T17:48:32","guid":{"rendered":"https:\/\/ozerlerambalaj.com.tr\/?page_id=393"},"modified":"2026-03-13T18:54:48","modified_gmt":"2026-03-13T15:54:48","slug":"yiyecek-ve-icecek-ambalajlama","status":"publish","type":"page","link":"https:\/\/ozerlerambalaj.com.tr\/index.php\/yiyecek-ve-icecek-ambalajlama\/","title":{"rendered":"Yiyecek ve \u0130\u00e7ecek Ambalajlama"},"content":{"rendered":"<p>[et_pb_section fb_built=&#8221;1&#8243; fullwidth=&#8221;on&#8221; _builder_version=&#8221;4.27.5&#8243; _module_preset=&#8221;default&#8221; global_colors_info=&#8221;{}&#8221;][et_pb_fullwidth_image src=&#8221;https:\/\/ozerlerambalaj.com.tr\/wp-content\/uploads\/2026\/03\/Urunler-18-scaled.png&#8221; alt=&#8221;yiyecek ve i\u00e7ecek ambalajlar\u0131&#8221; title_text=&#8221;yiyecek ve i\u00e7ecek ambalajlar\u0131&#8221; _builder_version=&#8221;4.27.5&#8243; _module_preset=&#8221;default&#8221; global_colors_info=&#8221;{}&#8221;][\/et_pb_fullwidth_image][\/et_pb_section][et_pb_section fb_built=&#8221;1&#8243; theme_builder_area=&#8221;post_content&#8221; _builder_version=&#8221;4.27.5&#8243; _module_preset=&#8221;default&#8221;][et_pb_row _builder_version=&#8221;4.27.5&#8243; _module_preset=&#8221;default&#8221; theme_builder_area=&#8221;post_content&#8221;][et_pb_column _builder_version=&#8221;4.27.5&#8243; _module_preset=&#8221;default&#8221; type=&#8221;4_4&#8243; theme_builder_area=&#8221;post_content&#8221;][et_pb_divider _builder_version=&#8221;4.27.5&#8243; _module_preset=&#8221;default&#8221; theme_builder_area=&#8221;post_content&#8221; hover_enabled=&#8221;0&#8243; sticky_enabled=&#8221;0&#8243;][\/et_pb_divider][\/et_pb_column][\/et_pb_row][\/et_pb_section][et_pb_section fb_built=&#8221;1&#8243; specialty=&#8221;on&#8221; _builder_version=&#8221;4.27.5&#8243; _module_preset=&#8221;default&#8221; global_colors_info=&#8221;{}&#8221;][et_pb_column type=&#8221;1_2&#8243; _builder_version=&#8221;4.16&#8243; custom_padding=&#8221;|||&#8221; global_colors_info=&#8221;{}&#8221; custom_padding__hover=&#8221;|||&#8221;][et_pb_image src=&#8221;https:\/\/ozerlerambalaj.com.tr\/wp-content\/uploads\/2026\/03\/Adsiz-tasarim-43.png&#8221; alt=&#8221;yiyecek ve i\u00e7ecek ambalajlar\u0131&#8221; title_text=&#8221;yiyecek ve i\u00e7ecek ambalajlar\u0131&#8221; _builder_version=&#8221;4.27.5&#8243; _module_preset=&#8221;default&#8221; global_colors_info=&#8221;{}&#8221;][\/et_pb_image][\/et_pb_column][et_pb_column type=&#8221;1_2&#8243; specialty_columns=&#8221;2&#8243; _builder_version=&#8221;4.16&#8243; custom_padding=&#8221;|||&#8221; global_colors_info=&#8221;{}&#8221; custom_padding__hover=&#8221;|||&#8221;][et_pb_row_inner _builder_version=&#8221;4.27.5&#8243; _module_preset=&#8221;default&#8221; global_colors_info=&#8221;{}&#8221;][et_pb_column_inner saved_specialty_column_type=&#8221;1_2&#8243; _builder_version=&#8221;4.27.5&#8243; _module_preset=&#8221;default&#8221; global_colors_info=&#8221;{}&#8221;][et_pb_heading title=&#8221;Yiyecek ve \u0130\u00e7ecek \u00dcr\u00fcnleri \u0130\u00e7in Modern Ambalaj \u00c7\u00f6z\u00fcmleri&#8221; _builder_version=&#8221;4.27.5&#8243; _module_preset=&#8221;default&#8221; global_colors_info=&#8221;{}&#8221;][\/et_pb_heading][\/et_pb_column_inner][\/et_pb_row_inner][et_pb_row_inner _builder_version=&#8221;4.27.5&#8243; _module_preset=&#8221;default&#8221; global_colors_info=&#8221;{}&#8221;][et_pb_column_inner saved_specialty_column_type=&#8221;1_2&#8243; _builder_version=&#8221;4.27.5&#8243; _module_preset=&#8221;default&#8221; global_colors_info=&#8221;{}&#8221;][et_pb_text _builder_version=&#8221;4.27.5&#8243; _module_preset=&#8221;default&#8221; global_colors_info=&#8221;{}&#8221;]<\/p>\n<p>Yiyecek ve i\u00e7ecek ambalajlar\u0131, g\u0131da \u00fcr\u00fcnlerinin g\u00fcvenli bir \u015fekilde saklanmas\u0131n\u0131, ta\u015f\u0131nmas\u0131n\u0131 ve t\u00fcketicilere hijyenik bir \u015fekilde sunulmas\u0131n\u0131 sa\u011flayan \u00f6nemli paketleme \u00e7\u00f6z\u00fcmleridir. G\u0131da sekt\u00f6r\u00fcnde kullan\u0131lan ambalajlar, \u00fcr\u00fcnlerin tazeli\u011fini korumak ve d\u0131\u015f etkenlerden korunmas\u0131n\u0131 sa\u011flamak amac\u0131yla \u00f6zel olarak tasarlan\u0131r. Do\u011fru ambalaj kullan\u0131m\u0131, \u00fcr\u00fcnlerin raf \u00f6mr\u00fcn\u00fc uzat\u0131rken ayn\u0131 zamanda t\u00fcketicilere g\u00fcvenli bir kullan\u0131m sunar.<\/p>\n<p>[\/et_pb_text][\/et_pb_column_inner][\/et_pb_row_inner][\/et_pb_column][\/et_pb_section][et_pb_section fb_built=&#8221;1&#8243; theme_builder_area=&#8221;post_content&#8221; _builder_version=&#8221;4.27.5&#8243; _module_preset=&#8221;default&#8221;][et_pb_row _builder_version=&#8221;4.27.5&#8243; _module_preset=&#8221;default&#8221; theme_builder_area=&#8221;post_content&#8221;][et_pb_column _builder_version=&#8221;4.27.5&#8243; _module_preset=&#8221;default&#8221; type=&#8221;4_4&#8243; theme_builder_area=&#8221;post_content&#8221;][et_pb_divider _builder_version=&#8221;4.27.5&#8243; _module_preset=&#8221;default&#8221; theme_builder_area=&#8221;post_content&#8221; hover_enabled=&#8221;0&#8243; sticky_enabled=&#8221;0&#8243;][\/et_pb_divider][\/et_pb_column][\/et_pb_row][\/et_pb_section][et_pb_section fb_built=&#8221;1&#8243; _builder_version=&#8221;4.27.5&#8243; _module_preset=&#8221;default&#8221; global_colors_info=&#8221;{}&#8221;][et_pb_row _builder_version=&#8221;4.27.5&#8243; _module_preset=&#8221;default&#8221; global_colors_info=&#8221;{}&#8221;][et_pb_column type=&#8221;4_4&#8243; _builder_version=&#8221;4.27.5&#8243; _module_preset=&#8221;default&#8221; global_colors_info=&#8221;{}&#8221;][et_pb_text _builder_version=&#8221;4.27.5&#8243; _module_preset=&#8221;default&#8221; global_colors_info=&#8221;{}&#8221;]<\/p>\n<p data-start=\"70\" data-end=\"479\"><strong data-start=\"70\" data-end=\"103\">Yiyecek ve i\u00e7ecek ambalajlar\u0131<\/strong>, g\u0131da \u00fcr\u00fcnlerinin g\u00fcvenli, hijyenik ve taze bir \u015fekilde korunmas\u0131n\u0131 sa\u011flayan \u00f6nemli paketleme \u00e7\u00f6z\u00fcmleridir. G\u0131da sekt\u00f6r\u00fcnde kullan\u0131lan ambalajlar, \u00fcr\u00fcnlerin raf \u00f6mr\u00fcn\u00fc uzat\u0131rken ayn\u0131 zamanda t\u00fcketicilere g\u00fcvenli bir kullan\u0131m sunar. Do\u011fru ambalaj \u00e7\u00f6z\u00fcmleri sayesinde yiyecek ve i\u00e7ecek \u00fcr\u00fcnleri d\u0131\u015f etkenlerden korunur ve ma\u011faza raflar\u0131nda daha profesyonel bir \u015fekilde sunulur.<\/p>\n<p data-start=\"481\" data-end=\"845\">G\u0131da ve i\u00e7ecek sekt\u00f6r\u00fcnde kullan\u0131lan ambalajlar olduk\u00e7a geni\u015f bir \u00e7e\u015fitlili\u011fe sahiptir. Karton kutular, plastik kaplar, \u015feffaf ambalajlar, vakumlu paketler ve \u00f6zel tasar\u0131m paketleme \u00e7\u00f6z\u00fcmleri g\u0131da \u00fcr\u00fcnlerinin korunmas\u0131 i\u00e7in yayg\u0131n olarak kullan\u0131lmaktad\u0131r. Bu ambalajlar \u00fcr\u00fcnleri hava, nem ve \u0131\u015f\u0131k gibi d\u0131\u015f etkenlerden koruyarak tazeli\u011fin korunmas\u0131na yard\u0131mc\u0131 olur.<\/p>\n<h2 data-section-id=\"1rdjd8d\" data-start=\"847\" data-end=\"902\">Neden Yiyecek ve \u0130\u00e7ecek Ambalajlar\u0131 Tercih Edilmeli?<\/h2>\n<p data-start=\"904\" data-end=\"1000\"><strong data-start=\"904\" data-end=\"927\">1. Hijyenik Koruma:<\/strong><br data-start=\"927\" data-end=\"930\" \/>G\u0131da \u00fcr\u00fcnlerini d\u0131\u015f etkenlerden koruyarak hijyenik bir saklama sa\u011flar.<\/p>\n<p data-start=\"1002\" data-end=\"1087\"><strong data-start=\"1002\" data-end=\"1023\">2. Uzun Raf \u00d6mr\u00fc:<\/strong><br data-start=\"1023\" data-end=\"1026\" \/>\u00dcr\u00fcnlerin tazeli\u011fini daha uzun s\u00fcre korumas\u0131na yard\u0131mc\u0131 olur.<\/p>\n<p data-start=\"1089\" data-end=\"1179\"><strong data-start=\"1089\" data-end=\"1110\">3. Estetik Sunum:<\/strong><br data-start=\"1110\" data-end=\"1113\" \/>\u00dcr\u00fcnlerin ma\u011faza raflar\u0131nda daha dikkat \u00e7ekici g\u00f6r\u00fcnmesini sa\u011flar.<\/p>\n<p data-start=\"1181\" data-end=\"1273\"><strong data-start=\"1181\" data-end=\"1203\">4. G\u00fcvenli Ta\u015f\u0131ma:<\/strong><br data-start=\"1203\" data-end=\"1206\" \/>Dayan\u0131kl\u0131 ambalaj yap\u0131s\u0131 sayesinde \u00fcr\u00fcnlerin zarar g\u00f6rmesini \u00f6nler.<\/p>\n<h2 data-section-id=\"1lh56b2\" data-start=\"1275\" data-end=\"1291\">Hizmetlerimiz<\/h2>\n<p data-start=\"1293\" data-end=\"1594\">\u2022 <strong data-start=\"1295\" data-end=\"1312\">\u00d6zel Tasar\u0131m:<\/strong> Yiyecek ve i\u00e7ecek \u00fcr\u00fcnleri i\u00e7in \u00f6zel ambalaj tasar\u0131mlar\u0131.<br data-start=\"1370\" data-end=\"1373\" \/>\u2022 <strong data-start=\"1375\" data-end=\"1392\">H\u0131zl\u0131 \u00dcretim:<\/strong> Modern \u00fcretim teknolojisi ile h\u0131zl\u0131 ve kaliteli \u00fcretim.<br data-start=\"1448\" data-end=\"1451\" \/>\u2022 <strong data-start=\"1453\" data-end=\"1469\">Uygun Fiyat:<\/strong> Her b\u00fct\u00e7eye uygun ambalaj \u00e7\u00f6z\u00fcmleri.<br data-start=\"1506\" data-end=\"1509\" \/>\u2022 <strong data-start=\"1511\" data-end=\"1541\">Toptan ve Perakende Sat\u0131\u015f:<\/strong> K\u00fc\u00e7\u00fck ve b\u00fcy\u00fck \u00f6l\u00e7ekli sipari\u015fler i\u00e7in esnek \u00fcretim.<\/p>\n<h2 data-section-id=\"dehkys\" data-start=\"1596\" data-end=\"1616\">Kullan\u0131m Alanlar\u0131<\/h2>\n<p data-start=\"1618\" data-end=\"1749\">\u2022 <strong data-start=\"1620\" data-end=\"1649\">Pastane ve F\u0131r\u0131n \u00dcr\u00fcnleri<\/strong><br data-start=\"1649\" data-end=\"1652\" \/>\u2022 <strong data-start=\"1654\" data-end=\"1677\">Haz\u0131r G\u0131da \u00dcr\u00fcnleri<\/strong><br data-start=\"1677\" data-end=\"1680\" \/>\u2022 <strong data-start=\"1682\" data-end=\"1711\">\u0130\u00e7ecek ve Paketli \u00dcr\u00fcnler<\/strong><br data-start=\"1711\" data-end=\"1714\" \/>\u2022 <strong data-start=\"1716\" data-end=\"1749\">At\u0131\u015ft\u0131rmal\u0131k ve G\u0131da \u00dcr\u00fcnleri<\/strong><\/p>\n<h2 data-section-id=\"12u0skc\" data-start=\"1751\" data-end=\"1784\">Neden Bizi Tercih Etmelisiniz?<\/h2>\n<p data-start=\"1786\" data-end=\"2039\">\u2022 <strong data-start=\"1788\" data-end=\"1809\">Kalite Garantisi:<\/strong> \u00dcr\u00fcnlerimiz g\u0131da sekt\u00f6r\u00fcne uygun kaliteli malzemelerden \u00fcretilmektedir.<br data-start=\"1881\" data-end=\"1884\" \/>\u2022 <strong data-start=\"1886\" data-end=\"1898\">Deneyim:<\/strong> G\u0131da ambalaj \u00e7\u00f6z\u00fcmlerinde uzun y\u0131llara dayanan tecr\u00fcbe.<br data-start=\"1954\" data-end=\"1957\" \/>\u2022 <strong data-start=\"1959\" data-end=\"1983\">M\u00fc\u015fteri Memnuniyeti:<\/strong> Sipari\u015ften teslimata kadar profesyonel hizmet anlay\u0131\u015f\u0131.<\/p>\n<h2 data-section-id=\"1lhvet9\" data-start=\"2041\" data-end=\"2059\">\u0130leti\u015fime Ge\u00e7in<\/h2>\n<p data-start=\"2061\" data-end=\"2302\" data-is-last-node=\"\" data-is-only-node=\"\">Yiyecek ve i\u00e7ecek ambalajlar\u0131 hakk\u0131nda daha fazla bilgi almak ve \u00fcr\u00fcnlerinize \u00f6zel ambalaj \u00e7\u00f6z\u00fcmleri i\u00e7in bizimle ileti\u015fime ge\u00e7ebilirsiniz. Uzman ekibimiz ihtiya\u00e7lar\u0131n\u0131za en uygun ambalaj se\u00e7eneklerini sunmaktan memnuniyet duyacakt\u0131r. \ud83c\udf54\ud83e\udd64\ud83d\udce6<\/p>\n<p>[\/et_pb_text][\/et_pb_column][\/et_pb_row][\/et_pb_section][et_pb_section fb_built=&#8221;1&#8243; theme_builder_area=&#8221;post_content&#8221; _builder_version=&#8221;4.27.5&#8243; _module_preset=&#8221;default&#8221;][et_pb_row _builder_version=&#8221;4.27.5&#8243; _module_preset=&#8221;default&#8221; theme_builder_area=&#8221;post_content&#8221;][et_pb_column _builder_version=&#8221;4.27.5&#8243; _module_preset=&#8221;default&#8221; type=&#8221;4_4&#8243; theme_builder_area=&#8221;post_content&#8221;][et_pb_divider _builder_version=&#8221;4.27.5&#8243; _module_preset=&#8221;default&#8221; theme_builder_area=&#8221;post_content&#8221; hover_enabled=&#8221;0&#8243; sticky_enabled=&#8221;0&#8243;][\/et_pb_divider][\/et_pb_column][\/et_pb_row][\/et_pb_section][et_pb_section fb_built=&#8221;1&#8243; theme_builder_area=&#8221;post_content&#8221; _builder_version=&#8221;4.27.5&#8243; _module_preset=&#8221;default&#8221;][et_pb_row _builder_version=&#8221;4.27.5&#8243; _module_preset=&#8221;default&#8221; theme_builder_area=&#8221;post_content&#8221;][et_pb_column _builder_version=&#8221;4.27.5&#8243; _module_preset=&#8221;default&#8221; type=&#8221;4_4&#8243; theme_builder_area=&#8221;post_content&#8221;][et_pb_button button_text=&#8221;Bize Ula\u015f\u0131n&#8221; _builder_version=&#8221;4.27.5&#8243; _module_preset=&#8221;default&#8221; theme_builder_area=&#8221;post_content&#8221; button_alignment=&#8221;center&#8221; button_url=&#8221;tel:+902124891017&#8243; hover_enabled=&#8221;0&#8243; sticky_enabled=&#8221;0&#8243;][\/et_pb_button][\/et_pb_column][\/et_pb_row][\/et_pb_section][et_pb_section fb_built=&#8221;1&#8243; theme_builder_area=&#8221;post_content&#8221; _builder_version=&#8221;4.27.5&#8243; _module_preset=&#8221;default&#8221;][et_pb_row _builder_version=&#8221;4.27.5&#8243; _module_preset=&#8221;default&#8221; theme_builder_area=&#8221;post_content&#8221;][et_pb_column _builder_version=&#8221;4.27.5&#8243; _module_preset=&#8221;default&#8221; type=&#8221;4_4&#8243; theme_builder_area=&#8221;post_content&#8221;][et_pb_divider _builder_version=&#8221;4.27.5&#8243; _module_preset=&#8221;default&#8221; theme_builder_area=&#8221;post_content&#8221; hover_enabled=&#8221;0&#8243; sticky_enabled=&#8221;0&#8243;][\/et_pb_divider][\/et_pb_column][\/et_pb_row][\/et_pb_section]<\/p>\n<div id=\"dipi-popup-maker-container\"><\/div>    <script type=\"text\/javascript\">\n        var ajaxurl = \"https:\/\/ozerlerambalaj.com.tr\/wp-admin\/admin-ajax.php\";\n    <\/script>\n    ","protected":false},"excerpt":{"rendered":"<p>Yiyecek ve i\u00e7ecek ambalajlar\u0131, g\u0131da \u00fcr\u00fcnlerinin g\u00fcvenli bir \u015fekilde saklanmas\u0131n\u0131, ta\u015f\u0131nmas\u0131n\u0131 ve t\u00fcketicilere hijyenik bir \u015fekilde sunulmas\u0131n\u0131 sa\u011flayan \u00f6nemli paketleme \u00e7\u00f6z\u00fcmleridir. G\u0131da sekt\u00f6r\u00fcnde kullan\u0131lan ambalajlar, \u00fcr\u00fcnlerin tazeli\u011fini korumak ve d\u0131\u015f etkenlerden korunmas\u0131n\u0131 sa\u011flamak amac\u0131yla \u00f6zel olarak tasarlan\u0131r. Do\u011fru ambalaj kullan\u0131m\u0131, \u00fcr\u00fcnlerin raf \u00f6mr\u00fcn\u00fc uzat\u0131rken ayn\u0131 zamanda t\u00fcketicilere g\u00fcvenli bir kullan\u0131m sunar.Yiyecek ve i\u00e7ecek ambalajlar\u0131, g\u0131da [&hellip;]<\/p>\n","protected":false},"author":1,"featured_media":0,"parent":0,"menu_order":0,"comment_status":"closed","ping_status":"closed","template":"","meta":{"_et_pb_use_builder":"on","_et_pb_old_content":"","_et_gb_content_width":"","footnotes":""},"dipi_cpt_category":[],"class_list":["post-393","page","type-page","status-publish","hentry"],"_links":{"self":[{"href":"https:\/\/ozerlerambalaj.com.tr\/index.php\/wp-json\/wp\/v2\/pages\/393","targetHints":{"allow":["GET"]}}],"collection":[{"href":"https:\/\/ozerlerambalaj.com.tr\/index.php\/wp-json\/wp\/v2\/pages"}],"about":[{"href":"https:\/\/ozerlerambalaj.com.tr\/index.php\/wp-json\/wp\/v2\/types\/page"}],"author":[{"embeddable":true,"href":"https:\/\/ozerlerambalaj.com.tr\/index.php\/wp-json\/wp\/v2\/users\/1"}],"replies":[{"embeddable":true,"href":"https:\/\/ozerlerambalaj.com.tr\/index.php\/wp-json\/wp\/v2\/comments?post=393"}],"version-history":[{"count":4,"href":"https:\/\/ozerlerambalaj.com.tr\/index.php\/wp-json\/wp\/v2\/pages\/393\/revisions"}],"predecessor-version":[{"id":778,"href":"https:\/\/ozerlerambalaj.com.tr\/index.php\/wp-json\/wp\/v2\/pages\/393\/revisions\/778"}],"wp:attachment":[{"href":"https:\/\/ozerlerambalaj.com.tr\/index.php\/wp-json\/wp\/v2\/media?parent=393"}],"wp:term":[{"taxonomy":"dipi_cpt_category","embeddable":true,"href":"https:\/\/ozerlerambalaj.com.tr\/index.php\/wp-json\/wp\/v2\/dipi_cpt_category?post=393"}],"curies":[{"name":"wp","href":"https:\/\/api.w.org\/{rel}","templated":true}]}}