{"id":421,"date":"2024-04-02T20:56:47","date_gmt":"2024-04-02T17:56:47","guid":{"rendered":"https:\/\/ozerlerambalaj.com.tr\/?page_id=421"},"modified":"2026-03-13T18:37:17","modified_gmt":"2026-03-13T15:37:17","slug":"vakum","status":"publish","type":"page","link":"https:\/\/ozerlerambalaj.com.tr\/index.php\/vakum\/","title":{"rendered":"Vakum"},"content":{"rendered":"<p>[et_pb_section fb_built=&#8221;1&#8243; fullwidth=&#8221;on&#8221; _builder_version=&#8221;4.27.5&#8243; _module_preset=&#8221;default&#8221; global_colors_info=&#8221;{}&#8221;][et_pb_fullwidth_image src=&#8221;https:\/\/ozerlerambalaj.com.tr\/wp-content\/uploads\/2026\/03\/Urunler-9-scaled.png&#8221; alt=&#8221;vakum&#8221; title_text=&#8221;vakum&#8221; _builder_version=&#8221;4.27.5&#8243; _module_preset=&#8221;default&#8221; global_colors_info=&#8221;{}&#8221;][\/et_pb_fullwidth_image][\/et_pb_section][et_pb_section fb_built=&#8221;1&#8243; theme_builder_area=&#8221;post_content&#8221; _builder_version=&#8221;4.27.5&#8243; _module_preset=&#8221;default&#8221;][et_pb_row _builder_version=&#8221;4.27.5&#8243; _module_preset=&#8221;default&#8221; theme_builder_area=&#8221;post_content&#8221;][et_pb_column _builder_version=&#8221;4.27.5&#8243; _module_preset=&#8221;default&#8221; type=&#8221;4_4&#8243; theme_builder_area=&#8221;post_content&#8221;][et_pb_divider _builder_version=&#8221;4.27.5&#8243; _module_preset=&#8221;default&#8221; theme_builder_area=&#8221;post_content&#8221; hover_enabled=&#8221;0&#8243; sticky_enabled=&#8221;0&#8243;][\/et_pb_divider][\/et_pb_column][\/et_pb_row][\/et_pb_section][et_pb_section fb_built=&#8221;1&#8243; specialty=&#8221;on&#8221; _builder_version=&#8221;4.27.5&#8243; _module_preset=&#8221;default&#8221; global_colors_info=&#8221;{}&#8221;][et_pb_column type=&#8221;1_2&#8243; _builder_version=&#8221;4.16&#8243; custom_padding=&#8221;|||&#8221; global_colors_info=&#8221;{}&#8221; custom_padding__hover=&#8221;|||&#8221;][et_pb_image src=&#8221;https:\/\/ozerlerambalaj.com.tr\/wp-content\/uploads\/2026\/03\/Adsiz-tasarim-36.png&#8221; alt=&#8221;vakum&#8221; title_text=&#8221;vakum&#8221; _builder_version=&#8221;4.27.5&#8243; _module_preset=&#8221;default&#8221; global_colors_info=&#8221;{}&#8221;][\/et_pb_image][\/et_pb_column][et_pb_column type=&#8221;1_2&#8243; specialty_columns=&#8221;2&#8243; _builder_version=&#8221;4.16&#8243; custom_padding=&#8221;|||&#8221; global_colors_info=&#8221;{}&#8221; custom_padding__hover=&#8221;|||&#8221;][et_pb_row_inner _builder_version=&#8221;4.27.5&#8243; _module_preset=&#8221;default&#8221; global_colors_info=&#8221;{}&#8221;][et_pb_column_inner saved_specialty_column_type=&#8221;1_2&#8243; _builder_version=&#8221;4.27.5&#8243; _module_preset=&#8221;default&#8221; global_colors_info=&#8221;{}&#8221;][et_pb_heading title=&#8221;Vakum Ambalaj ile \u00dcr\u00fcnlerinizi Daha Uzun S\u00fcre Koruyun&#8221; _builder_version=&#8221;4.27.5&#8243; _module_preset=&#8221;default&#8221; global_colors_info=&#8221;{}&#8221;][\/et_pb_heading][\/et_pb_column_inner][\/et_pb_row_inner][et_pb_row_inner _builder_version=&#8221;4.27.5&#8243; _module_preset=&#8221;default&#8221; global_colors_info=&#8221;{}&#8221;][et_pb_column_inner saved_specialty_column_type=&#8221;1_2&#8243; _builder_version=&#8221;4.27.5&#8243; _module_preset=&#8221;default&#8221; global_colors_info=&#8221;{}&#8221;][et_pb_text _builder_version=&#8221;4.27.5&#8243; _module_preset=&#8221;default&#8221; global_colors_info=&#8221;{}&#8221;]<\/p>\n<p>Vakum ambalaj, \u00fcr\u00fcnlerin hava ile temas\u0131n\u0131 keserek daha uzun s\u00fcre taze kalmas\u0131n\u0131 sa\u011flayan modern bir paketleme y\u00f6ntemidir. \u00d6zellikle g\u0131da sekt\u00f6r\u00fcnde yayg\u0131n olarak kullan\u0131lan bu ambalaj sistemi, \u00fcr\u00fcnlerin bozulmas\u0131n\u0131 geciktirir ve raf \u00f6mr\u00fcn\u00fc \u00f6nemli \u00f6l\u00e7\u00fcde uzat\u0131r. Vakumlama i\u015flemi s\u0131ras\u0131nda ambalaj i\u00e7erisindeki hava tamamen \u00e7ekilerek \u00fcr\u00fcn \u00f6zel bir ambalaj po\u015feti i\u00e7erisinde s\u0131k\u0131ca kapat\u0131l\u0131r. Bu sayede bakterilerin ve d\u0131\u015f etkenlerin \u00fcr\u00fcne ula\u015fmas\u0131 zorla\u015f\u0131r.<\/p>\n<p>[\/et_pb_text][\/et_pb_column_inner][\/et_pb_row_inner][\/et_pb_column][\/et_pb_section][et_pb_section fb_built=&#8221;1&#8243; theme_builder_area=&#8221;post_content&#8221; _builder_version=&#8221;4.27.5&#8243; _module_preset=&#8221;default&#8221;][et_pb_row _builder_version=&#8221;4.27.5&#8243; _module_preset=&#8221;default&#8221; theme_builder_area=&#8221;post_content&#8221;][et_pb_column _builder_version=&#8221;4.27.5&#8243; _module_preset=&#8221;default&#8221; type=&#8221;4_4&#8243; theme_builder_area=&#8221;post_content&#8221;][et_pb_divider _builder_version=&#8221;4.27.5&#8243; _module_preset=&#8221;default&#8221; theme_builder_area=&#8221;post_content&#8221; hover_enabled=&#8221;0&#8243; sticky_enabled=&#8221;0&#8243;][\/et_pb_divider][\/et_pb_column][\/et_pb_row][\/et_pb_section][et_pb_section fb_built=&#8221;1&#8243; _builder_version=&#8221;4.27.5&#8243; _module_preset=&#8221;default&#8221; global_colors_info=&#8221;{}&#8221;][et_pb_row _builder_version=&#8221;4.27.5&#8243; _module_preset=&#8221;default&#8221; global_colors_info=&#8221;{}&#8221;][et_pb_column type=&#8221;4_4&#8243; _builder_version=&#8221;4.27.5&#8243; _module_preset=&#8221;default&#8221; global_colors_info=&#8221;{}&#8221;][et_pb_text _builder_version=&#8221;4.27.5&#8243; _module_preset=&#8221;default&#8221; hover_enabled=&#8221;0&#8243; global_colors_info=&#8221;{}&#8221; sticky_enabled=&#8221;0&#8243;]<\/p>\n<p data-start=\"54\" data-end=\"547\"><strong data-start=\"54\" data-end=\"71\">Vakum ambalaj<\/strong>, \u00fcr\u00fcnlerin hava ile temas\u0131n\u0131 keserek daha uzun s\u00fcre taze kalmas\u0131n\u0131 sa\u011flayan modern paketleme \u00e7\u00f6z\u00fcmlerinden biridir. Vakumlama i\u015flemi s\u0131ras\u0131nda ambalaj i\u00e7erisindeki hava tamamen \u00e7ekilerek \u00fcr\u00fcn \u00f6zel bir ambalaj i\u00e7erisinde s\u0131k\u0131ca kapat\u0131l\u0131r. Bu y\u00f6ntem sayesinde \u00fcr\u00fcnler d\u0131\u015f etkenlerden korunur ve raf \u00f6mr\u00fc \u00f6nemli \u00f6l\u00e7\u00fcde uzar. Vakum ambalaj \u00f6zellikle g\u0131da sekt\u00f6r\u00fcnde yayg\u0131n olarak kullan\u0131lmakla birlikte medikal, elektronik ve end\u00fcstriyel \u00fcr\u00fcnler i\u00e7in de etkili bir koruma sa\u011flar.<\/p>\n<h2 data-section-id=\"ezi2xm\" data-start=\"549\" data-end=\"588\">Neden Vakum Ambalaj Tercih Edilmeli?<\/h2>\n<p data-start=\"590\" data-end=\"686\"><strong data-start=\"590\" data-end=\"611\">1. Uzun Raf \u00d6mr\u00fc:<\/strong><br data-start=\"611\" data-end=\"614\" \/>Hava ile temas kesildi\u011fi i\u00e7in \u00fcr\u00fcnlerin tazeli\u011fi daha uzun s\u00fcre korunur.<\/p>\n<p data-start=\"688\" data-end=\"768\"><strong data-start=\"688\" data-end=\"711\">2. Hijyenik Koruma:<\/strong><br data-start=\"711\" data-end=\"714\" \/>Toz, nem ve bakterilere kar\u015f\u0131 g\u00fc\u00e7l\u00fc bir koruma sa\u011flar.<\/p>\n<p data-start=\"770\" data-end=\"859\"><strong data-start=\"770\" data-end=\"792\">3. Alan Tasarrufu:<\/strong><br data-start=\"792\" data-end=\"795\" \/>Vakumlu paketler daha az yer kaplar ve depolama kolayl\u0131\u011f\u0131 sunar.<\/p>\n<p data-start=\"861\" data-end=\"935\"><strong data-start=\"861\" data-end=\"883\">4. G\u00fcvenli Ta\u015f\u0131ma:<\/strong><br data-start=\"883\" data-end=\"886\" \/>\u00dcr\u00fcnlerin ta\u015f\u0131ma s\u0131ras\u0131nda zarar g\u00f6rmesini \u00f6nler.<\/p>\n<h2 data-section-id=\"1lh56b2\" data-start=\"937\" data-end=\"953\">Hizmetlerimiz<\/h2>\n<p data-start=\"955\" data-end=\"1265\">\u2022 <strong data-start=\"957\" data-end=\"984\">\u00d6zel Ambalaj \u00c7\u00f6z\u00fcmleri:<\/strong> \u00dcr\u00fcnlerinize uygun vakum ambalaj tasar\u0131mlar\u0131.<br data-start=\"1030\" data-end=\"1033\" \/>\u2022 <strong data-start=\"1035\" data-end=\"1052\">H\u0131zl\u0131 \u00dcretim:<\/strong> Modern \u00fcretim teknolojisi ile h\u0131zl\u0131 ve kaliteli \u00fcretim.<br data-start=\"1108\" data-end=\"1111\" \/>\u2022 <strong data-start=\"1113\" data-end=\"1129\">Uygun Fiyat:<\/strong> Her b\u00fct\u00e7eye uygun ekonomik ambalaj se\u00e7enekleri.<br data-start=\"1177\" data-end=\"1180\" \/>\u2022 <strong data-start=\"1182\" data-end=\"1212\">Toptan ve Perakende Sat\u0131\u015f:<\/strong> K\u00fc\u00e7\u00fck ve b\u00fcy\u00fck \u00f6l\u00e7ekli sipari\u015fler i\u00e7in esnek \u00fcretim.<\/p>\n<h2 data-section-id=\"dehkys\" data-start=\"1267\" data-end=\"1287\">Kullan\u0131m Alanlar\u0131<\/h2>\n<p data-start=\"1289\" data-end=\"1537\">\u2022 <strong data-start=\"1291\" data-end=\"1308\">G\u0131da Sekt\u00f6r\u00fc:<\/strong> Et, bal\u0131k, peynir, kuruyemi\u015f ve haz\u0131r g\u0131dalar.<br data-start=\"1355\" data-end=\"1358\" \/>\u2022 <strong data-start=\"1360\" data-end=\"1380\">Medikal \u00dcr\u00fcnler:<\/strong> Steril \u00fcr\u00fcnlerin korunmas\u0131.<br data-start=\"1408\" data-end=\"1411\" \/>\u2022 <strong data-start=\"1413\" data-end=\"1436\">Elektronik \u00dcr\u00fcnler:<\/strong> Hassas \u00fcr\u00fcnlerin g\u00fcvenli paketlenmesi.<br data-start=\"1475\" data-end=\"1478\" \/>\u2022 <strong data-start=\"1480\" data-end=\"1504\">End\u00fcstriyel \u00dcr\u00fcnler:<\/strong> Par\u00e7a ve ekipmanlar\u0131n korunmas\u0131.<\/p>\n<h2 data-section-id=\"12u0skc\" data-start=\"1539\" data-end=\"1572\">Neden Bizi Tercih Etmelisiniz?<\/h2>\n<p data-start=\"1574\" data-end=\"1781\">\u2022 <strong data-start=\"1576\" data-end=\"1597\">Kalite Garantisi:<\/strong> Dayan\u0131kl\u0131 ve kaliteli ambalaj malzemeleri.<br data-start=\"1640\" data-end=\"1643\" \/>\u2022 <strong data-start=\"1645\" data-end=\"1657\">Deneyim:<\/strong> Sekt\u00f6rdeki tecr\u00fcbemizle profesyonel hizmet.<br data-start=\"1701\" data-end=\"1704\" \/>\u2022 <strong data-start=\"1706\" data-end=\"1730\">M\u00fc\u015fteri Memnuniyeti:<\/strong> Sipari\u015ften teslimata kadar m\u00fc\u015fteri odakl\u0131 \u00e7al\u0131\u015fma.<\/p>\n<h2 data-section-id=\"1lhvet9\" data-start=\"1783\" data-end=\"1801\">\u0130leti\u015fime Ge\u00e7in<\/h2>\n<p data-start=\"1803\" data-end=\"2052\" data-is-last-node=\"\" data-is-only-node=\"\">Vakum ambalaj ihtiya\u00e7lar\u0131n\u0131z i\u00e7in bizimle ileti\u015fime ge\u00e7ebilir, uygun fiyat avantajlar\u0131m\u0131zdan faydalanabilirsiniz. \u00dcr\u00fcnlerinize \u00f6zel vakum ambalaj \u00e7\u00f6z\u00fcmleri i\u00e7in uzman ekibimiz size en uygun paketleme se\u00e7eneklerini sunmaktan memnuniyet duyacakt\u0131r. \ud83d\udce6<\/p>\n<p>[\/et_pb_text][\/et_pb_column][\/et_pb_row][\/et_pb_section][et_pb_section fb_built=&#8221;1&#8243; theme_builder_area=&#8221;post_content&#8221; _builder_version=&#8221;4.27.5&#8243; _module_preset=&#8221;default&#8221;][et_pb_row _builder_version=&#8221;4.27.5&#8243; _module_preset=&#8221;default&#8221; theme_builder_area=&#8221;post_content&#8221;][et_pb_column _builder_version=&#8221;4.27.5&#8243; _module_preset=&#8221;default&#8221; type=&#8221;4_4&#8243; theme_builder_area=&#8221;post_content&#8221;][et_pb_divider _builder_version=&#8221;4.27.5&#8243; _module_preset=&#8221;default&#8221; theme_builder_area=&#8221;post_content&#8221; hover_enabled=&#8221;0&#8243; sticky_enabled=&#8221;0&#8243;][\/et_pb_divider][\/et_pb_column][\/et_pb_row][\/et_pb_section][et_pb_section fb_built=&#8221;1&#8243; theme_builder_area=&#8221;post_content&#8221; _builder_version=&#8221;4.27.5&#8243; _module_preset=&#8221;default&#8221;][et_pb_row _builder_version=&#8221;4.27.5&#8243; _module_preset=&#8221;default&#8221; theme_builder_area=&#8221;post_content&#8221;][et_pb_column _builder_version=&#8221;4.27.5&#8243; _module_preset=&#8221;default&#8221; type=&#8221;4_4&#8243; theme_builder_area=&#8221;post_content&#8221;][et_pb_button button_text=&#8221;Bize Ula\u015f\u0131n&#8221; _builder_version=&#8221;4.27.5&#8243; _module_preset=&#8221;default&#8221; theme_builder_area=&#8221;post_content&#8221; button_url=&#8221;tel:+902124891017&#8243; button_alignment=&#8221;center&#8221; hover_enabled=&#8221;0&#8243; sticky_enabled=&#8221;0&#8243;][\/et_pb_button][\/et_pb_column][\/et_pb_row][\/et_pb_section][et_pb_section fb_built=&#8221;1&#8243; theme_builder_area=&#8221;post_content&#8221; _builder_version=&#8221;4.27.5&#8243; _module_preset=&#8221;default&#8221;][et_pb_row _builder_version=&#8221;4.27.5&#8243; _module_preset=&#8221;default&#8221; theme_builder_area=&#8221;post_content&#8221;][et_pb_column _builder_version=&#8221;4.27.5&#8243; _module_preset=&#8221;default&#8221; type=&#8221;4_4&#8243; theme_builder_area=&#8221;post_content&#8221;][et_pb_divider _builder_version=&#8221;4.27.5&#8243; _module_preset=&#8221;default&#8221; theme_builder_area=&#8221;post_content&#8221; hover_enabled=&#8221;0&#8243; sticky_enabled=&#8221;0&#8243;][\/et_pb_divider][\/et_pb_column][\/et_pb_row][\/et_pb_section]<\/p>\n<div id=\"dipi-popup-maker-container\"><\/div>    <script type=\"text\/javascript\">\n        var ajaxurl = \"https:\/\/ozerlerambalaj.com.tr\/wp-admin\/admin-ajax.php\";\n    <\/script>\n    ","protected":false},"excerpt":{"rendered":"<p>Vakum ambalaj, \u00fcr\u00fcnlerin hava ile temas\u0131n\u0131 keserek daha uzun s\u00fcre taze kalmas\u0131n\u0131 sa\u011flayan modern bir paketleme y\u00f6ntemidir. \u00d6zellikle g\u0131da sekt\u00f6r\u00fcnde yayg\u0131n olarak kullan\u0131lan bu ambalaj sistemi, \u00fcr\u00fcnlerin bozulmas\u0131n\u0131 geciktirir ve raf \u00f6mr\u00fcn\u00fc \u00f6nemli \u00f6l\u00e7\u00fcde uzat\u0131r. Vakumlama i\u015flemi s\u0131ras\u0131nda ambalaj i\u00e7erisindeki hava tamamen \u00e7ekilerek \u00fcr\u00fcn \u00f6zel bir ambalaj po\u015feti i\u00e7erisinde s\u0131k\u0131ca kapat\u0131l\u0131r. Bu sayede bakterilerin ve [&hellip;]<\/p>\n","protected":false},"author":1,"featured_media":0,"parent":0,"menu_order":0,"comment_status":"closed","ping_status":"closed","template":"","meta":{"_et_pb_use_builder":"on","_et_pb_old_content":"","_et_gb_content_width":"","footnotes":""},"dipi_cpt_category":[],"class_list":["post-421","page","type-page","status-publish","hentry"],"_links":{"self":[{"href":"https:\/\/ozerlerambalaj.com.tr\/index.php\/wp-json\/wp\/v2\/pages\/421","targetHints":{"allow":["GET"]}}],"collection":[{"href":"https:\/\/ozerlerambalaj.com.tr\/index.php\/wp-json\/wp\/v2\/pages"}],"about":[{"href":"https:\/\/ozerlerambalaj.com.tr\/index.php\/wp-json\/wp\/v2\/types\/page"}],"author":[{"embeddable":true,"href":"https:\/\/ozerlerambalaj.com.tr\/index.php\/wp-json\/wp\/v2\/users\/1"}],"replies":[{"embeddable":true,"href":"https:\/\/ozerlerambalaj.com.tr\/index.php\/wp-json\/wp\/v2\/comments?post=421"}],"version-history":[{"count":4,"href":"https:\/\/ozerlerambalaj.com.tr\/index.php\/wp-json\/wp\/v2\/pages\/421\/revisions"}],"predecessor-version":[{"id":768,"href":"https:\/\/ozerlerambalaj.com.tr\/index.php\/wp-json\/wp\/v2\/pages\/421\/revisions\/768"}],"wp:attachment":[{"href":"https:\/\/ozerlerambalaj.com.tr\/index.php\/wp-json\/wp\/v2\/media?parent=421"}],"wp:term":[{"taxonomy":"dipi_cpt_category","embeddable":true,"href":"https:\/\/ozerlerambalaj.com.tr\/index.php\/wp-json\/wp\/v2\/dipi_cpt_category?post=421"}],"curies":[{"name":"wp","href":"https:\/\/api.w.org\/{rel}","templated":true}]}}