{"id":618,"date":"2024-11-22T00:13:58","date_gmt":"2024-11-21T21:13:58","guid":{"rendered":"https:\/\/ozerlerambalaj.com.tr\/?page_id=618"},"modified":"2026-03-13T18:26:19","modified_gmt":"2026-03-13T15:26:19","slug":"asetat-kutu","status":"publish","type":"page","link":"https:\/\/ozerlerambalaj.com.tr\/index.php\/asetat-kutu\/","title":{"rendered":"Asetat Kutu"},"content":{"rendered":"<p>[et_pb_section fb_built=&#8221;1&#8243; fullwidth=&#8221;on&#8221; _builder_version=&#8221;4.27.5&#8243; _module_preset=&#8221;default&#8221; global_colors_info=&#8221;{}&#8221;][et_pb_fullwidth_image src=&#8221;https:\/\/ozerlerambalaj.com.tr\/wp-content\/uploads\/2026\/03\/Urunler-1-scaled.png&#8221; alt=&#8221;asetat kutu&#8221; title_text=&#8221;asetat kutu&#8221; _builder_version=&#8221;4.27.5&#8243; _module_preset=&#8221;default&#8221; global_colors_info=&#8221;{}&#8221;][\/et_pb_fullwidth_image][\/et_pb_section][et_pb_section fb_built=&#8221;1&#8243; _builder_version=&#8221;4.27.5&#8243; _module_preset=&#8221;default&#8221; global_colors_info=&#8221;{}&#8221;][et_pb_row _builder_version=&#8221;4.27.5&#8243; _module_preset=&#8221;default&#8221; global_colors_info=&#8221;{}&#8221;][et_pb_column type=&#8221;4_4&#8243; _builder_version=&#8221;4.27.5&#8243; _module_preset=&#8221;default&#8221; global_colors_info=&#8221;{}&#8221;][et_pb_divider _builder_version=&#8221;4.27.5&#8243; _module_preset=&#8221;default&#8221; global_colors_info=&#8221;{}&#8221;][\/et_pb_divider][\/et_pb_column][\/et_pb_row][\/et_pb_section][et_pb_section fb_built=&#8221;1&#8243; specialty=&#8221;on&#8221; _builder_version=&#8221;4.27.5&#8243; _module_preset=&#8221;default&#8221; global_colors_info=&#8221;{}&#8221;][et_pb_column type=&#8221;1_2&#8243; _builder_version=&#8221;4.16&#8243; custom_padding=&#8221;|||&#8221; global_colors_info=&#8221;{}&#8221; custom_padding__hover=&#8221;|||&#8221;][et_pb_image src=&#8221;https:\/\/ozerlerambalaj.com.tr\/wp-content\/uploads\/2026\/03\/4-2.png&#8221; title_text=&#8221;4&#8243; _builder_version=&#8221;4.27.5&#8243; _module_preset=&#8221;default&#8221; global_colors_info=&#8221;{}&#8221;][\/et_pb_image][\/et_pb_column][et_pb_column type=&#8221;1_2&#8243; specialty_columns=&#8221;2&#8243; _builder_version=&#8221;4.16&#8243; custom_padding=&#8221;|||&#8221; global_colors_info=&#8221;{}&#8221; custom_padding__hover=&#8221;|||&#8221;][et_pb_row_inner _builder_version=&#8221;4.27.5&#8243; _module_preset=&#8221;default&#8221; global_colors_info=&#8221;{}&#8221;][et_pb_column_inner saved_specialty_column_type=&#8221;1_2&#8243; _builder_version=&#8221;4.27.5&#8243; _module_preset=&#8221;default&#8221; global_colors_info=&#8221;{}&#8221;][et_pb_heading title=&#8221;Asetat Kutu \u015eeffaf ve Dayan\u0131kl\u0131 Ambalaj Kutular\u0131&#8221; _builder_version=&#8221;4.27.5&#8243; _module_preset=&#8221;default&#8221; global_colors_info=&#8221;{}&#8221;][\/et_pb_heading][\/et_pb_column_inner][\/et_pb_row_inner][et_pb_row_inner _builder_version=&#8221;4.27.5&#8243; _module_preset=&#8221;default&#8221; global_colors_info=&#8221;{}&#8221;][et_pb_column_inner saved_specialty_column_type=&#8221;1_2&#8243; _builder_version=&#8221;4.27.5&#8243; _module_preset=&#8221;default&#8221; global_colors_info=&#8221;{}&#8221;][et_pb_text _builder_version=&#8221;4.27.5&#8243; _module_preset=&#8221;default&#8221; global_colors_info=&#8221;{}&#8221;]<\/p>\n<p data-start=\"0\" data-end=\"448\"><strong data-start=\"0\" data-end=\"15\">Asetat Kutu<\/strong>, \u015feffaf yap\u0131s\u0131 sayesinde \u00fcr\u00fcnlerinizi estetik ve dikkat \u00e7ekici bir \u015fekilde sergilemenizi sa\u011flayan modern bir ambalaj \u00e7\u00f6z\u00fcm\u00fcd\u00fcr. Dayan\u0131kl\u0131 plastik malzemeden \u00fcretilen asetat kutular, \u00f6zellikle hediyelik e\u015fya, kozmetik, g\u0131da, tak\u0131 ve promosyon \u00fcr\u00fcnleri gibi bir\u00e7ok alanda tercih edilir. \u00dcr\u00fcn\u00fc tamamen g\u00f6r\u00fcn\u00fcr hale getiren \u015feffaf tasar\u0131m\u0131 sayesinde m\u00fc\u015fteriler \u00fcr\u00fcn\u00fc kutuyu a\u00e7madan inceleyebilir ve bu da sat\u0131\u015flar\u0131 olumlu y\u00f6nde etkiler.<\/p>\n<p data-start=\"450\" data-end=\"848\" data-is-last-node=\"\" data-is-only-node=\"\">Farkl\u0131 \u00f6l\u00e7\u00fc ve tasar\u0131m se\u00e7enekleriyle \u00fcretilen asetat kutular, hem koruyucu hem de \u015f\u0131k bir paketleme sunar. Kolay katlanabilir yap\u0131s\u0131 sayesinde pratik kullan\u0131m sa\u011flar ve depolama s\u0131ras\u0131nda yer tasarrufu olu\u015fturur. \u015eeffaf ve zarif g\u00f6r\u00fcn\u00fcm\u00fc sayesinde \u00fcr\u00fcnlerinizi daha profesyonel bir \u015fekilde sunman\u0131za yard\u0131mc\u0131 olan asetat kutular, ambalaj sekt\u00f6r\u00fcnde en \u00e7ok tercih edilen kutu \u00e7e\u015fitlerinden biridir.<\/p>\n<p>[\/et_pb_text][\/et_pb_column_inner][\/et_pb_row_inner][\/et_pb_column][\/et_pb_section][et_pb_section fb_built=&#8221;1&#8243; _builder_version=&#8221;4.27.5&#8243; _module_preset=&#8221;default&#8221; global_colors_info=&#8221;{}&#8221;][et_pb_row _builder_version=&#8221;4.27.5&#8243; _module_preset=&#8221;default&#8221; global_colors_info=&#8221;{}&#8221;][et_pb_column type=&#8221;4_4&#8243; _builder_version=&#8221;4.27.5&#8243; _module_preset=&#8221;default&#8221; global_colors_info=&#8221;{}&#8221;][et_pb_divider _builder_version=&#8221;4.27.5&#8243; _module_preset=&#8221;default&#8221; global_colors_info=&#8221;{}&#8221;][\/et_pb_divider][\/et_pb_column][\/et_pb_row][\/et_pb_section][et_pb_section fb_built=&#8221;1&#8243; _builder_version=&#8221;4.27.3&#8243; _module_preset=&#8221;default&#8221; global_colors_info=&#8221;{}&#8221;][et_pb_row _builder_version=&#8221;4.27.3&#8243; _module_preset=&#8221;default&#8221; global_colors_info=&#8221;{}&#8221;][et_pb_column type=&#8221;4_4&#8243; _builder_version=&#8221;4.27.3&#8243; _module_preset=&#8221;default&#8221; global_colors_info=&#8221;{}&#8221;][et_pb_text _builder_version=&#8221;4.27.5&#8243; _module_preset=&#8221;default&#8221; global_colors_info=&#8221;{}&#8221;]<\/p>\n<p class=\"p1\" style=\"text-align: justify;\"><strong><\/strong><\/p>\n<p class=\"p1\" style=\"text-align: justify;\"><strong><\/strong><\/p>\n<p class=\"p1\" style=\"text-align: justify;\"><strong><\/strong><\/p>\n<p class=\"p1\" style=\"text-align: justify;\"><strong><\/strong><\/p>\n<h2 style=\"text-align: justify;\">Asetat kutular<strong style=\"font-size: 16px;\">,<\/strong><span style=\"font-size: 16px;\">\u00a0 estetik g\u00f6r\u00fcn\u00fcm\u00fc ve dayan\u0131kl\u0131 yap\u0131s\u0131yla bir\u00e7ok sekt\u00f6r\u00fcn tercihi haline gelmi\u015ftir. \u015eeffaf yap\u0131s\u0131yla i\u00e7eri\u011fi net bir \u015fekilde g\u00f6steren bu kutular, hem \u00fcr\u00fcnlerinizi koruma alt\u0131na al\u0131r hem de \u015f\u0131k bir sunum sa\u011flar. \u00d6zellikle g\u0131da, hediyelik e\u015fya, kozmetik ve tekstil sekt\u00f6rlerinde s\u0131k\u00e7a kullan\u0131lan asetat kutular, farkl\u0131 boyut ve tasar\u0131mlar\u0131yla ihtiya\u00e7lar\u0131n\u0131za uygun \u00e7\u00f6z\u00fcmler sunar.<\/span><\/h2>\n<p class=\"p3\"><span style=\"font-size: large;\"><b>Neden Asetat Kutu Tercih Edilmeli?<\/b><\/span><b><\/b><\/p>\n<p class=\"p4\"><span class=\"Apple-tab-span\"> <\/span>1.<span class=\"Apple-tab-span\"> <\/span><b>\u015eeffafl\u0131k ve Estetik:<\/b> \u00dcr\u00fcnlerinizin g\u00f6rselli\u011fini \u00f6n plana \u00e7\u0131kar\u0131r.<\/p>\n<p class=\"p4\"><span class=\"Apple-tab-span\"> <\/span>2.<span class=\"Apple-tab-span\"> <\/span><b>Dayan\u0131kl\u0131l\u0131k:<\/b> Darbelere ve deformasyona kar\u015f\u0131 dayan\u0131kl\u0131 malzemeden \u00fcretilir.<\/p>\n<p class=\"p4\"><span class=\"Apple-tab-span\"> <\/span>3.<span class=\"Apple-tab-span\"> <\/span><b>Ki\u015fiselle\u015ftirme:<\/b> \u00d6zel boyut, renk ve logo bask\u0131s\u0131 se\u00e7enekleri ile marka kimli\u011finizi yans\u0131tabilirsiniz.<\/p>\n<p class=\"p4\"><span class=\"Apple-tab-span\"> <\/span>4.<span class=\"Apple-tab-span\"> <\/span><b>\u00c7evre Dostu:<\/b> Geri d\u00f6n\u00fc\u015ft\u00fcr\u00fclebilir malzeme se\u00e7ene\u011fi ile s\u00fcrd\u00fcr\u00fclebilir \u00e7\u00f6z\u00fcmler sunar.<\/p>\n<p class=\"p3\"><b>Hizmetlerimiz<\/b><b><\/b><\/p>\n<p class=\"p5\"><span class=\"Apple-tab-span\"> <\/span>\u2022<span class=\"Apple-tab-span\"> <\/span><b>\u00d6zel Tasar\u0131m:<\/b> Marka ihtiya\u00e7lar\u0131n\u0131za \u00f6zel kutu tasar\u0131mlar\u0131.<\/p>\n<p class=\"p5\"><span class=\"Apple-tab-span\"> <\/span>\u2022<span class=\"Apple-tab-span\"> <\/span><b>H\u0131zl\u0131 \u00dcretim:<\/b> Modern \u00fcretim tesislerimizde h\u0131zl\u0131 ve kaliteli \u00fcretim.<\/p>\n<p class=\"p5\"><span class=\"Apple-tab-span\"> <\/span>\u2022<span class=\"Apple-tab-span\"> <\/span><b>Uygun Fiyat:<\/b> Her b\u00fct\u00e7eye uygun fiyat se\u00e7enekleri.<\/p>\n<p class=\"p5\"><span class=\"Apple-tab-span\"> <\/span>\u2022<span class=\"Apple-tab-span\"> <\/span><b>Toptan ve Perakende Sat\u0131\u015f:<\/b> B\u00fcy\u00fck sipari\u015fler ve k\u00fc\u00e7\u00fck \u00f6l\u00e7ekli ihtiya\u00e7lar i\u00e7in esnek \u00e7\u00f6z\u00fcmler.<\/p>\n<p class=\"p3\"><b>Kullan\u0131m Alanlar\u0131<\/b><b><\/b><\/p>\n<p class=\"p5\"><span class=\"Apple-tab-span\"> <\/span>\u2022<span class=\"Apple-tab-span\"> <\/span><b>G\u0131da Ambalaj\u0131:<\/b> Pastane \u00fcr\u00fcnleri, \u00e7ikolata, kurabiye ve daha fazlas\u0131.<\/p>\n<p class=\"p5\"><span class=\"Apple-tab-span\"> <\/span>\u2022<span class=\"Apple-tab-span\"> <\/span><b>Hediyelik \u00dcr\u00fcnler:<\/b> \u015e\u0131k ve dikkat \u00e7ekici hediye paketleme.<\/p>\n<p class=\"p5\"><span class=\"Apple-tab-span\"> <\/span>\u2022<span class=\"Apple-tab-span\"> <\/span><b>Kozmetik:<\/b> Parf\u00fcm, krem ve makyaj \u00fcr\u00fcnleri i\u00e7in zarif ambalaj.<\/p>\n<p class=\"p5\"><span class=\"Apple-tab-span\"> <\/span>\u2022<span class=\"Apple-tab-span\"> <\/span><b>Promosyon \u00dcr\u00fcnleri:<\/b> Etkileyici sunumlarla promosyon malzemelerinizi \u00f6ne \u00e7\u0131kar\u0131n.<\/p>\n<p class=\"p3\"><b>Neden Bizi Tercih Etmelisiniz?<\/b><b><\/b><\/p>\n<p class=\"p5\"><span class=\"Apple-tab-span\"> <\/span>\u2022<span class=\"Apple-tab-span\"> <\/span><b>Kalite Garantisi:<\/b> \u00dcr\u00fcnlerimiz en kaliteli malzemelerden \u00fcretilmektedir.<\/p>\n<p class=\"p5\"><span class=\"Apple-tab-span\"> <\/span>\u2022<span class=\"Apple-tab-span\"> <\/span><b>Deneyim:<\/b> Uzun y\u0131llara dayanan sekt\u00f6r tecr\u00fcbemizle hizmetinizdeyiz.<\/p>\n<p class=\"p5\"><span class=\"Apple-tab-span\"> <\/span>\u2022<span class=\"Apple-tab-span\"> <\/span><b>M\u00fc\u015fteri Memnuniyeti:<\/b> Sipari\u015ften teslimata kadar memnuniyet odakl\u0131 \u00e7al\u0131\u015fma.<\/p>\n<p class=\"p3\"><b>\u0130leti\u015fime Ge\u00e7in<\/b><b><\/b><\/p>\n<p class=\"p1\">Siz de asetat kutu ihtiya\u00e7lar\u0131n\u0131z i\u00e7in bizimle ileti\u015fime ge\u00e7ebilir, uygun fiyat avantajlar\u0131m\u0131zdan faydalanabilirsiniz. \u00d6zel tasar\u0131m talepleriniz i\u00e7in uzman ekibimiz size yard\u0131mc\u0131 olmaktan mutluluk duyacakt\u0131r.<\/p>\n<p>[\/et_pb_text][\/et_pb_column][\/et_pb_row][\/et_pb_section][et_pb_section fb_built=&#8221;1&#8243; theme_builder_area=&#8221;post_content&#8221; _builder_version=&#8221;4.27.5&#8243; _module_preset=&#8221;default&#8221;][et_pb_row _builder_version=&#8221;4.27.5&#8243; _module_preset=&#8221;default&#8221; theme_builder_area=&#8221;post_content&#8221;][et_pb_column _builder_version=&#8221;4.27.5&#8243; _module_preset=&#8221;default&#8221; type=&#8221;4_4&#8243; theme_builder_area=&#8221;post_content&#8221;][et_pb_divider _builder_version=&#8221;4.27.5&#8243; _module_preset=&#8221;default&#8221; theme_builder_area=&#8221;post_content&#8221; hover_enabled=&#8221;0&#8243; sticky_enabled=&#8221;0&#8243;][\/et_pb_divider][\/et_pb_column][\/et_pb_row][\/et_pb_section][et_pb_section fb_built=&#8221;1&#8243; _builder_version=&#8221;4.27.5&#8243; _module_preset=&#8221;default&#8221; global_colors_info=&#8221;{}&#8221;][et_pb_row _builder_version=&#8221;4.27.5&#8243; _module_preset=&#8221;default&#8221; global_colors_info=&#8221;{}&#8221;][et_pb_column type=&#8221;4_4&#8243; _builder_version=&#8221;4.27.5&#8243; _module_preset=&#8221;default&#8221; global_colors_info=&#8221;{}&#8221;][et_pb_button button_text=&#8221;Bize Ula\u015f\u0131n&#8221; button_alignment=&#8221;center&#8221; _builder_version=&#8221;4.27.5&#8243; _module_preset=&#8221;default&#8221; global_colors_info=&#8221;{}&#8221;][\/et_pb_button][\/et_pb_column][\/et_pb_row][\/et_pb_section][et_pb_section fb_built=&#8221;1&#8243; theme_builder_area=&#8221;post_content&#8221; _builder_version=&#8221;4.27.5&#8243; _module_preset=&#8221;default&#8221;][et_pb_row _builder_version=&#8221;4.27.5&#8243; _module_preset=&#8221;default&#8221; theme_builder_area=&#8221;post_content&#8221;][et_pb_column _builder_version=&#8221;4.27.5&#8243; _module_preset=&#8221;default&#8221; type=&#8221;4_4&#8243; theme_builder_area=&#8221;post_content&#8221;][et_pb_divider _builder_version=&#8221;4.27.5&#8243; _module_preset=&#8221;default&#8221; theme_builder_area=&#8221;post_content&#8221; hover_enabled=&#8221;0&#8243; sticky_enabled=&#8221;0&#8243;][\/et_pb_divider][\/et_pb_column][\/et_pb_row][\/et_pb_section]<\/p>\n<div id=\"dipi-popup-maker-container\"><\/div>    <script type=\"text\/javascript\">\n        var ajaxurl = \"https:\/\/ozerlerambalaj.com.tr\/wp-admin\/admin-ajax.php\";\n    <\/script>\n    ","protected":false},"excerpt":{"rendered":"<p>Asetat Kutu, \u015feffaf yap\u0131s\u0131 sayesinde \u00fcr\u00fcnlerinizi estetik ve dikkat \u00e7ekici bir \u015fekilde sergilemenizi sa\u011flayan modern bir ambalaj \u00e7\u00f6z\u00fcm\u00fcd\u00fcr. Dayan\u0131kl\u0131 plastik malzemeden \u00fcretilen asetat kutular, \u00f6zellikle hediyelik e\u015fya, kozmetik, g\u0131da, tak\u0131 ve promosyon \u00fcr\u00fcnleri gibi bir\u00e7ok alanda tercih edilir. \u00dcr\u00fcn\u00fc tamamen g\u00f6r\u00fcn\u00fcr hale getiren \u015feffaf tasar\u0131m\u0131 sayesinde m\u00fc\u015fteriler \u00fcr\u00fcn\u00fc kutuyu a\u00e7madan inceleyebilir ve bu da sat\u0131\u015flar\u0131 [&hellip;]<\/p>\n","protected":false},"author":1,"featured_media":0,"parent":0,"menu_order":0,"comment_status":"closed","ping_status":"closed","template":"","meta":{"_et_pb_use_builder":"on","_et_pb_old_content":"","_et_gb_content_width":"","footnotes":""},"dipi_cpt_category":[12],"class_list":["post-618","page","type-page","status-publish","hentry","dipi_cpt_category-asetat-kutu"],"_links":{"self":[{"href":"https:\/\/ozerlerambalaj.com.tr\/index.php\/wp-json\/wp\/v2\/pages\/618","targetHints":{"allow":["GET"]}}],"collection":[{"href":"https:\/\/ozerlerambalaj.com.tr\/index.php\/wp-json\/wp\/v2\/pages"}],"about":[{"href":"https:\/\/ozerlerambalaj.com.tr\/index.php\/wp-json\/wp\/v2\/types\/page"}],"author":[{"embeddable":true,"href":"https:\/\/ozerlerambalaj.com.tr\/index.php\/wp-json\/wp\/v2\/users\/1"}],"replies":[{"embeddable":true,"href":"https:\/\/ozerlerambalaj.com.tr\/index.php\/wp-json\/wp\/v2\/comments?post=618"}],"version-history":[{"count":7,"href":"https:\/\/ozerlerambalaj.com.tr\/index.php\/wp-json\/wp\/v2\/pages\/618\/revisions"}],"predecessor-version":[{"id":760,"href":"https:\/\/ozerlerambalaj.com.tr\/index.php\/wp-json\/wp\/v2\/pages\/618\/revisions\/760"}],"wp:attachment":[{"href":"https:\/\/ozerlerambalaj.com.tr\/index.php\/wp-json\/wp\/v2\/media?parent=618"}],"wp:term":[{"taxonomy":"dipi_cpt_category","embeddable":true,"href":"https:\/\/ozerlerambalaj.com.tr\/index.php\/wp-json\/wp\/v2\/dipi_cpt_category?post=618"}],"curies":[{"name":"wp","href":"https:\/\/api.w.org\/{rel}","templated":true}]}}